{"id":242422,"date":"2022-11-29T13:51:53","date_gmt":"2022-11-29T13:51:53","guid":{"rendered":"https:\/\/www.paris-hotel-palym.com\/ecomobilidade\/"},"modified":"2022-11-29T15:10:24","modified_gmt":"2022-11-29T15:10:24","slug":"ecomobilidade","status":"publish","type":"page","link":"https:\/\/www.paris-hotel-palym.com\/pt-pt\/ecomobilidade\/","title":{"rendered":"Ecomobilidade"},"content":{"rendered":"[et_pb_section fb_built=&#8221;1&#8243; admin_label=&#8221;En-t\u00eate&#8221; module_id=&#8221;banner-section&#8221; module_class=&#8221;motif&#8221; _builder_version=&#8221;4.4.8&#8243; background_enable_image=&#8221;off&#8221; locked=&#8221;off&#8221; collapsed=&#8221;off&#8221;][et_pb_row _builder_version=&#8221;4.5.1&#8243;][et_pb_column type=&#8221;4_4&#8243; _builder_version=&#8221;4.4.8&#8243;][et_pb_text _builder_version=&#8221;4.5.1&#8243; hover_enabled=&#8221;0&#8243;]<h1>Ecomobilidade<\/h1>\n<h2>Hotel design em Paris &#8211; Gare de Lyon<\/h2>\n[\/et_pb_text][\/et_pb_column][\/et_pb_row][\/et_pb_section][et_pb_section fb_built=&#8221;1&#8243; admin_label=&#8221;Ecomobilit\u00e9&#8221; module_class=&#8221;home-hotel-palym-section&#8221; _builder_version=&#8221;4.5.1&#8243; hover_enabled=&#8221;0&#8243; locked=&#8221;off&#8221; collapsed=&#8221;off&#8221;][et_pb_row column_structure=&#8221;1_2,1_2&#8243; make_equal=&#8221;on&#8221; module_class=&#8221;ecomobilite-row&#8221; _builder_version=&#8221;4.5.1&#8243; collapsed=&#8221;off&#8221;][et_pb_column type=&#8221;1_2&#8243; module_class=&#8221;home-hotel-palym-column-1&#8243; _builder_version=&#8221;4.4.8&#8243;][et_pb_text _builder_version=&#8221;4.5.1&#8243; hover_enabled=&#8221;0&#8243;]<h2>Adoptar a ecomobilidade para chegar ao Hotel Palym<\/h2>\n<h3>Modos suaves, transportes p\u00fablicos, partilha de carros&#8230; escolha entre uma variedade de formas amigas do ambiente para se deslocar no hotel.<\/h3>\n<p>O transporte de pessoas representa mais de um quarto da pegada de carbono de Paris. Uma grande parte disto prov\u00e9m das viagens a\u00e9reas dos parisienses e uma outra parte do transporte rodovi\u00e1rio. O transporte \u00e9 tamb\u00e9m a principal fonte de poluentes atmosf\u00e9ricos (\u00f3xidos de azoto e part\u00edculas finas) respons\u00e1veis por doen\u00e7as respirat\u00f3rias. A cidade de Paris trabalha h\u00e1 15 anos para reduzir as emiss\u00f5es de gases com efeito de estufa provenientes dos transportes. Desde 2004, as emiss\u00f5es do tr\u00e1fego em Paris e na estrada circular diminu\u00edram 33%.<\/p>\n<p><strong>Abaixo est\u00e3o algumas das formas mais ecol\u00f3gicas de viajar perto do Hotel Palym ***.<\/strong><\/p>\n<p>&nbsp;<\/p>\n<p><span><\/span><\/p>\n[\/et_pb_text][\/et_pb_column][et_pb_column type=&#8221;1_2&#8243; module_class=&#8221;home-hotel-palym-column-2&#8243; _builder_version=&#8221;4.4.8&#8243; background_image=&#8221;https:\/\/www.paris-hotel-palym.com\/wp-content\/uploads\/2020\/07\/Hotel-Palym-Chambres-Chambre-quadruple-1.jpg&#8221;][et_pb_image alt=&#8221;Parking Velib Paris&#8221; title_text=&#8221;paris-france-city-bicycles-bike-rental-bicycle-parking (2)&#8221; module_class=&#8221;white-border&#8221; _builder_version=&#8221;4.5.1&#8243; background_image=&#8221;https:\/\/www.paris-hotel-palym.com\/wp-content\/uploads\/2022\/11\/paris-france-city-bicycles-bike-rental-bicycle-parking-2.jpg&#8221;][\/et_pb_image][\/et_pb_column][\/et_pb_row][\/et_pb_section][et_pb_section fb_built=&#8221;1&#8243; module_class=&#8221;services-section neto-menu-section global-gallery-section&#8221; _builder_version=&#8221;4.5.1&#8243; locked=&#8221;off&#8221; collapsed=&#8221;off&#8221;][et_pb_row column_structure=&#8221;1_3,1_3,1_3&#8243; module_class=&#8221;services-row eco-transports&#8221; _builder_version=&#8221;4.5.1&#8243;][et_pb_column type=&#8221;1_3&#8243; module_id=&#8221;reception&#8221; module_class=&#8221;white-border-hover div-trigger-open-first div-trigger&#8221; _builder_version=&#8221;4.4.8&#8243; background_image=&#8221;https:\/\/www.paris-hotel-palym.com\/wp-content\/uploads\/2020\/07\/reception.jpg&#8221;][et_pb_text _builder_version=&#8221;4.5.1&#8243; background_image=&#8221;https:\/\/www.paris-hotel-palym.com\/wp-content\/uploads\/2022\/11\/vlad-b-emjNOlbRZio-unsplash-1.jpg&#8221; hover_enabled=&#8221;0&#8243;]<h4>Modos suaves<\/h4>\n<div class=\"plus-btn\"><\/div>\n[\/et_pb_text][\/et_pb_column][et_pb_column type=&#8221;1_3&#8243; module_id=&#8221;salon&#8221; module_class=&#8221;white-border-hover div-trigger&#8221; _builder_version=&#8221;4.4.8&#8243; background_image=&#8221;https:\/\/www.paris-hotel-palym.com\/wp-content\/uploads\/2020\/07\/salon.jpeg&#8221;][et_pb_text _builder_version=&#8221;4.5.1&#8243; background_image=&#8221;https:\/\/www.paris-hotel-palym.com\/wp-content\/uploads\/2022\/11\/friends-in-car-having-trip-together.jpg&#8221; hover_enabled=&#8221;0&#8243;]<h4>Partilha de ve\u00edculos<\/h4>\n<div class=\"plus-btn\"><\/div>\n[\/et_pb_text][\/et_pb_column][et_pb_column type=&#8221;1_3&#8243; module_id=&#8221;petit-dejeuner&#8221; module_class=&#8221;white-border-hover div-trigger&#8221; _builder_version=&#8221;4.4.8&#8243; background_image=&#8221;https:\/\/www.paris-hotel-palym.com\/wp-content\/uploads\/2020\/07\/Petit-de\u0301jeuner.jpeg&#8221;][et_pb_text _builder_version=&#8221;4.5.1&#8243; background_image=&#8221;https:\/\/www.paris-hotel-palym.com\/wp-content\/uploads\/2022\/11\/french-man-entering-the-subway-train.jpg&#8221; hover_enabled=&#8221;0&#8243;]<h4>Transportes p\u00fablicos<\/h4>\n<div class=\"plus-btn\"><\/div>\n[\/et_pb_text][\/et_pb_column][\/et_pb_row][et_pb_row column_structure=&#8221;2_5,3_5&#8243; make_equal=&#8221;on&#8221; admin_label=&#8221;R\u00e9ception&#8221; module_class=&#8221;services-content-row div-content reception&#8221; _builder_version=&#8221;4.4.8&#8243;][et_pb_column type=&#8221;2_5&#8243; module_class=&#8221;white-border&#8221; _builder_version=&#8221;4.4.8&#8243;][et_pb_text _builder_version=&#8221;4.5.1&#8243; hover_enabled=&#8221;0&#8243;]<h3>Modos suaves<\/h3>\n<p>Bicicleta<br \/>Andar a p\u00e9<br \/>Skate, scooter, patins&#8230;<\/p>\n[\/et_pb_text][\/et_pb_column][et_pb_column type=&#8221;3_5&#8243; _builder_version=&#8221;4.4.8&#8243; background_enable_image=&#8221;off&#8221;][et_pb_image alt=&#8221;Deux personnes en trottinette \u00e9lectrique dans Paris&#8221; title_text=&#8221;vlad-b-emjNOlbRZio-unsplash (1)&#8221; disabled_on=&#8221;off|off|off&#8221; _builder_version=&#8221;4.5.1&#8243; background_image=&#8221;https:\/\/www.paris-hotel-palym.com\/wp-content\/uploads\/2022\/11\/vlad-b-emjNOlbRZio-unsplash-1.jpg&#8221;][\/et_pb_image][\/et_pb_column][\/et_pb_row][et_pb_row column_structure=&#8221;2_5,3_5&#8243; make_equal=&#8221;on&#8221; admin_label=&#8221;Salon&#8221; module_class=&#8221;services-content-row div-content salon&#8221; _builder_version=&#8221;4.4.8&#8243;][et_pb_column type=&#8221;2_5&#8243; module_class=&#8221;white-border&#8221; _builder_version=&#8221;4.4.8&#8243;][et_pb_text _builder_version=&#8221;4.5.1&#8243; hover_enabled=&#8221;0&#8243;]<h3>Partilha de autom\u00f3veis<\/h3>\n<p>Carpooling<br \/> Partilha de autom\u00f3veis<br \/> Aluguer privado<\/p>\n[\/et_pb_text][\/et_pb_column][et_pb_column type=&#8221;3_5&#8243; _builder_version=&#8221;4.4.8&#8243; background_enable_image=&#8221;off&#8221;][et_pb_image alt=&#8221;Covoiturage&#8221; title_text=&#8221;friends-in-car-having-trip-together&#8221; _builder_version=&#8221;4.5.1&#8243; background_image=&#8221;https:\/\/www.paris-hotel-palym.com\/wp-content\/uploads\/2022\/11\/friends-in-car-having-trip-together.jpg&#8221;][\/et_pb_image][\/et_pb_column][\/et_pb_row][et_pb_row column_structure=&#8221;1_2,1_2&#8243; make_equal=&#8221;on&#8221; admin_label=&#8221;Petit-d\u00e9jeuner&#8221; module_class=&#8221;services-content-row div-content petit-dejeuner&#8221; _builder_version=&#8221;4.5.1&#8243;][et_pb_column type=&#8221;1_2&#8243; module_class=&#8221;white-border&#8221; _builder_version=&#8221;4.4.8&#8243;][et_pb_text _builder_version=&#8221;4.5.1&#8243; hover_enabled=&#8221;0&#8243;]<h3>Transportes p\u00fablicos<\/h3>\n<p>Metro<br \/>RER<br \/>El\u00e9ctrico<br \/>Autocarro<\/p>\n[\/et_pb_text][\/et_pb_column][et_pb_column type=&#8221;1_2&#8243; _builder_version=&#8221;4.4.8&#8243; background_enable_image=&#8221;off&#8221;][et_pb_image alt=&#8221;Homme rentrant dans le m\u00e9tro parisien&#8221; title_text=&#8221;french-man-entering-the-subway-train&#8221; _builder_version=&#8221;4.5.1&#8243; background_image=&#8221;https:\/\/www.paris-hotel-palym.com\/wp-content\/uploads\/2022\/11\/french-man-entering-the-subway-train.jpg&#8221; locked=&#8221;off&#8221;][\/et_pb_image][\/et_pb_column][\/et_pb_row][\/et_pb_section]","protected":false},"excerpt":{"rendered":"[et_pb_section fb_built=&#8221;1&#8243; admin_label=&#8221;En-t\u00eate&#8221; module_id=&#8221;banner-section&#8221; module_class=&#8221;motif&#8221; _builder_version=&#8221;4.4.8&#8243; background_enable_image=&#8221;off&#8221; locked=&#8221;off&#8221; collapsed=&#8221;off&#8221;][et_pb_row _builder_version=&#8221;4.5.1&#8243;][et_pb_column type=&#8221;4_4&#8243; _builder_version=&#8221;4.4.8&#8243;][et_pb_text _builder_version=&#8221;4.5.1&#8243; hover_enabled=&#8221;0&#8243;]Ecomobilidade Hotel design em Paris &#8211; Gare de Lyon [\/et_pb_text][\/et_pb_column][\/et_pb_row][\/et_pb_section][et_pb_section fb_built=&#8221;1&#8243; admin_label=&#8221;Ecomobilit\u00e9&#8221; module_class=&#8221;home-hotel-palym-section&#8221; _builder_version=&#8221;4.5.1&#8243; hover_enabled=&#8221;0&#8243; locked=&#8221;off&#8221; collapsed=&#8221;off&#8221;][et_pb_row column_structure=&#8221;1_2,1_2&#8243; make_equal=&#8221;on&#8221; module_class=&#8221;ecomobilite-row&#8221; _builder_version=&#8221;4.5.1&#8243; collapsed=&#8221;off&#8221;][et_pb_column type=&#8221;1_2&#8243; module_class=&#8221;home-hotel-palym-column-1&#8243; _builder_version=&#8221;4.4.8&#8243;][et_pb_text _builder_version=&#8221;4.5.1&#8243; hover_enabled=&#8221;0&#8243;]Adoptar a ecomobilidade para chegar ao Hotel Palym Modos suaves, transportes p\u00fablicos, partilha de carros&#8230; escolha [&hellip;]","protected":false},"author":1,"featured_media":0,"parent":0,"menu_order":0,"comment_status":"closed","ping_status":"closed","template":"","meta":{"_et_pb_use_builder":"on","_et_pb_old_content":"","_et_gb_content_width":""},"yoast_head":"<!-- This site is optimized with the Yoast SEO plugin v14.3 - https:\/\/yoast.com\/wordpress\/plugins\/seo\/ -->\n<title>Ecomobilidade - H\u00f4tel Palym - Paris Lyon<\/title>\n<meta name=\"description\" content=\"Descubra os desafios da ecomobilidade e as solu\u00e7\u00f5es para as suas viagens pelo Hotel Palym ***, hotel a 100 metros da Gare de Lyon em Paris.\" \/>\n<meta name=\"robots\" content=\"index, follow\" \/>\n<meta name=\"googlebot\" content=\"index, follow, max-snippet:-1, max-image-preview:large, max-video-preview:-1\" \/>\n<meta name=\"bingbot\" content=\"index, follow, max-snippet:-1, max-image-preview:large, max-video-preview:-1\" \/>\n<link rel=\"canonical\" href=\"https:\/\/www.paris-hotel-palym.com\/pt-pt\/ecomobilidade\/\" \/>\n<meta property=\"og:locale\" content=\"pt_PT\" \/>\n<meta property=\"og:type\" content=\"article\" \/>\n<meta property=\"og:title\" content=\"Ecomobilidade - H\u00f4tel Palym - Paris Lyon\" \/>\n<meta property=\"og:description\" content=\"Descubra os desafios da ecomobilidade e as solu\u00e7\u00f5es para as suas viagens pelo Hotel Palym ***, hotel a 100 metros da Gare de Lyon em Paris.\" \/>\n<meta property=\"og:url\" content=\"https:\/\/www.paris-hotel-palym.com\/pt-pt\/ecomobilidade\/\" \/>\n<meta property=\"og:site_name\" content=\"H\u00f4tel Palym - Paris Lyon\" \/>\n<meta property=\"article:modified_time\" content=\"2022-11-29T15:10:24+00:00\" \/>\n<meta name=\"twitter:card\" content=\"summary_large_image\" \/>\n<script type=\"application\/ld+json\" class=\"yoast-schema-graph\">{\"@context\":\"https:\/\/schema.org\",\"@graph\":[{\"@type\":\"WebSite\",\"@id\":\"https:\/\/www.paris-hotel-palym.com\/pt-pt\/#website\",\"url\":\"https:\/\/www.paris-hotel-palym.com\/pt-pt\/\",\"name\":\"H\\u00f4tel Palym - Paris Lyon\",\"description\":\"H\\u00f4tel Design \\u00e0 Paris Gare de Lyon\",\"potentialAction\":[{\"@type\":\"SearchAction\",\"target\":\"https:\/\/www.paris-hotel-palym.com\/pt-pt\/?s={search_term_string}\",\"query-input\":\"required name=search_term_string\"}],\"inLanguage\":\"pt-PT\"},{\"@type\":\"WebPage\",\"@id\":\"https:\/\/www.paris-hotel-palym.com\/pt-pt\/ecomobilidade\/#webpage\",\"url\":\"https:\/\/www.paris-hotel-palym.com\/pt-pt\/ecomobilidade\/\",\"name\":\"Ecomobilidade - H\\u00f4tel Palym - Paris Lyon\",\"isPartOf\":{\"@id\":\"https:\/\/www.paris-hotel-palym.com\/pt-pt\/#website\"},\"datePublished\":\"2022-11-29T13:51:53+00:00\",\"dateModified\":\"2022-11-29T15:10:24+00:00\",\"description\":\"Descubra os desafios da ecomobilidade e as solu\\u00e7\\u00f5es para as suas viagens pelo Hotel Palym ***, hotel a 100 metros da Gare de Lyon em Paris.\",\"inLanguage\":\"pt-PT\",\"potentialAction\":[{\"@type\":\"ReadAction\",\"target\":[\"https:\/\/www.paris-hotel-palym.com\/pt-pt\/ecomobilidade\/\"]}]}]}<\/script>\n<!-- \/ Yoast SEO plugin. -->","_links":{"self":[{"href":"https:\/\/www.paris-hotel-palym.com\/pt-pt\/wp-json\/wp\/v2\/pages\/242422"}],"collection":[{"href":"https:\/\/www.paris-hotel-palym.com\/pt-pt\/wp-json\/wp\/v2\/pages"}],"about":[{"href":"https:\/\/www.paris-hotel-palym.com\/pt-pt\/wp-json\/wp\/v2\/types\/page"}],"author":[{"embeddable":true,"href":"https:\/\/www.paris-hotel-palym.com\/pt-pt\/wp-json\/wp\/v2\/users\/1"}],"replies":[{"embeddable":true,"href":"https:\/\/www.paris-hotel-palym.com\/pt-pt\/wp-json\/wp\/v2\/comments?post=242422"}],"version-history":[{"count":2,"href":"https:\/\/www.paris-hotel-palym.com\/pt-pt\/wp-json\/wp\/v2\/pages\/242422\/revisions"}],"predecessor-version":[{"id":242460,"href":"https:\/\/www.paris-hotel-palym.com\/pt-pt\/wp-json\/wp\/v2\/pages\/242422\/revisions\/242460"}],"wp:attachment":[{"href":"https:\/\/www.paris-hotel-palym.com\/pt-pt\/wp-json\/wp\/v2\/media?parent=242422"}],"curies":[{"name":"wp","href":"https:\/\/api.w.org\/{rel}","templated":true}]}}