{"id":239768,"date":"2020-06-25T09:18:35","date_gmt":"2020-06-25T09:18:35","guid":{"rendered":"https:\/\/www.paris-hotel-palym.com\/services\/"},"modified":"2023-02-24T13:09:36","modified_gmt":"2023-02-24T13:09:36","slug":"servicos","status":"publish","type":"page","link":"https:\/\/www.paris-hotel-palym.com\/pt-pt\/servicos\/","title":{"rendered":"Servi\u00e7os"},"content":{"rendered":"[et_pb_section fb_built=&#8221;1&#8243; admin_label=&#8221;En-t\u00eate&#8221; module_id=&#8221;banner-section&#8221; module_class=&#8221;motif&#8221; _builder_version=&#8221;4.4.8&#8243; background_enable_image=&#8221;off&#8221; locked=&#8221;off&#8221; collapsed=&#8221;off&#8221;][et_pb_row _builder_version=&#8221;4.4.8&#8243;][et_pb_column type=&#8221;4_4&#8243; _builder_version=&#8221;4.4.8&#8243;][et_pb_text _builder_version=&#8221;4.4.8&#8243;]<h1>Servi\u00e7os<\/h1>\r\n<h2>Design Hotel em Paris &#8211; Gare de Lyon<\/h2>[\/et_pb_text][\/et_pb_column][\/et_pb_row][\/et_pb_section][et_pb_section fb_built=&#8221;1&#8243; module_class=&#8221;services-section neto-menu-section global-gallery-section&#8221; _builder_version=&#8221;4.4.8&#8243;][et_pb_row column_structure=&#8221;1_4,1_4,1_4,1_4&#8243; module_class=&#8221;services-row&#8221; _builder_version=&#8221;4.5.1&#8243;][et_pb_column type=&#8221;1_4&#8243; module_id=&#8221;reception&#8221; module_class=&#8221;white-border-hover div-trigger-open-first div-trigger&#8221; _builder_version=&#8221;4.4.8&#8243; background_image=&#8221;https:\/\/www.paris-hotel-palym.com\/wp-content\/uploads\/2020\/07\/reception.jpg&#8221;][et_pb_code _builder_version=&#8221;4.5.1&#8243; hover_enabled=&#8221;0&#8243; alt=&#8221;hotel-palym-reception&#8221; title_text=&#8221;hotel-palym-reception&#8221; background_image=&#8221;https:\/\/www.paris-hotel-palym.com\/wp-content\/uploads\/2023\/02\/hotel-palym-reception.jpg&#8221;]<h4><!-- [et_pb_line_break_holder] -->  Recep\u00e7\u00e3o<!-- [et_pb_line_break_holder] --><\/h4><!-- [et_pb_line_break_holder] --><!-- [et_pb_line_break_holder] --><div class=\"plus-btn\"><\/div>[\/et_pb_code][\/et_pb_column][et_pb_column type=&#8221;1_4&#8243; module_id=&#8221;salon&#8221; module_class=&#8221;white-border-hover div-trigger&#8221; _builder_version=&#8221;4.4.8&#8243; background_image=&#8221;https:\/\/www.paris-hotel-palym.com\/wp-content\/uploads\/2020\/07\/salon.jpeg&#8221;][et_pb_code _builder_version=&#8221;4.5.1&#8243; alt=&#8221;hotel-palym-lounge&#8221; title_text=&#8221;hotel-palym-lounge&#8221; background_image=&#8221;https:\/\/www.paris-hotel-palym.com\/wp-content\/uploads\/2023\/02\/hotel-palym-lounge.jpg&#8221;]<h4><!-- [et_pb_line_break_holder] -->  Sal\u00e3o <!-- [et_pb_line_break_holder] --><\/h4><!-- [et_pb_line_break_holder] --><!-- [et_pb_line_break_holder] --><div class=\"plus-btn\"><\/div>[\/et_pb_code][\/et_pb_column][et_pb_column type=&#8221;1_4&#8243; module_id=&#8221;petit-dejeuner&#8221; module_class=&#8221;white-border-hover div-trigger&#8221; _builder_version=&#8221;4.4.8&#8243; background_image=&#8221;https:\/\/www.paris-hotel-palym.com\/wp-content\/uploads\/2020\/07\/Petit-de\u0301jeuner.jpeg&#8221;][et_pb_code _builder_version=&#8221;4.5.1&#8243; alt=&#8221;hotel-palym-petit-dejeuner-table-2&#8243; title_text=&#8221;hotel-palym-petit-dejeuner-table-2&#8243; background_image=&#8221;https:\/\/www.paris-hotel-palym.com\/wp-content\/uploads\/2023\/02\/hotel-palym-petit-dejeuner-table-2.jpg&#8221;]<h4><!-- [et_pb_line_break_holder] -->  Pequeno-almo\u00e7o<!-- [et_pb_line_break_holder] --><!-- [et_pb_line_break_holder] --><\/h4><!-- [et_pb_line_break_holder] --><!-- [et_pb_line_break_holder] --><div class=\"plus-btn\"><\/div>[\/et_pb_code][\/et_pb_column][et_pb_column type=&#8221;1_4&#8243; module_class=&#8221;white-border-hover&#8221; _builder_version=&#8221;4.5.1&#8243; background_image=&#8221;https:\/\/www.paris-hotel-palym.com\/wp-content\/uploads\/2020\/07\/pourtousvosbesoins.jpg&#8221; link_option_url=&#8221;https:\/\/hotel-palym.guide.paris&#8221; link_option_url_new_window=&#8221;on&#8221;][et_pb_code _builder_version=&#8221;4.4.8&#8243;]<h4><!-- [et_pb_line_break_holder] -->  E para todas as suas necessidades em Paris\u2026<!-- [et_pb_line_break_holder] --><\/h4><!-- [et_pb_line_break_holder] --><!-- [et_pb_line_break_holder] --><div class=\"plus-btn\"><\/div>[\/et_pb_code][\/et_pb_column][\/et_pb_row][et_pb_row column_structure=&#8221;2_5,3_5&#8243; make_equal=&#8221;on&#8221; admin_label=&#8221;R\u00e9ception&#8221; module_class=&#8221;services-content-row div-content reception&#8221; _builder_version=&#8221;4.4.8&#8243;][et_pb_column type=&#8221;2_5&#8243; module_class=&#8221;white-border&#8221; _builder_version=&#8221;4.4.8&#8243;][et_pb_code _builder_version=&#8221;4.4.8&#8243;]<h3><!-- [et_pb_line_break_holder] -->  Recep\u00e7\u00e3o<!-- [et_pb_line_break_holder] --><\/h3><!-- [et_pb_line_break_holder] --><!-- [et_pb_line_break_holder] --><pee><!-- [et_pb_line_break_holder] -->  Concierge e recep\u00e7\u00e3o multilingue 24h\/24<\/br><!-- [et_pb_line_break_holder] -->reservas em restaurantes e entretenimento<\/br><!-- [et_pb_line_break_holder] -->instru\u00e7\u00f5es de bagagens e de servi\u00e7os<!-- [et_pb_line_break_holder] --><\/br><!-- [et_pb_line_break_holder] -->estacionamento p\u00fablico pago perto<!-- [et_pb_line_break_holder] --><!-- [et_pb_line_break_holder] --><\/pee>[\/et_pb_code][\/et_pb_column][et_pb_column type=&#8221;3_5&#8243; _builder_version=&#8221;4.4.8&#8243; background_enable_image=&#8221;off&#8221;][et_pb_image alt=&#8221;hotel-palym-reception&#8221; title_text=&#8221;hotel-palym-reception&#8221; disabled_on=&#8221;off|off|off&#8221; _builder_version=&#8221;4.5.1&#8243; background_image=&#8221;https:\/\/www.paris-hotel-palym.com\/wp-content\/uploads\/2023\/02\/hotel-palym-reception.jpg&#8221;][\/et_pb_image][\/et_pb_column][\/et_pb_row][et_pb_row column_structure=&#8221;2_5,3_5&#8243; make_equal=&#8221;on&#8221; admin_label=&#8221;Salon&#8221; module_class=&#8221;services-content-row div-content salon&#8221; _builder_version=&#8221;4.4.8&#8243;][et_pb_column type=&#8221;2_5&#8243; module_class=&#8221;white-border&#8221; _builder_version=&#8221;4.4.8&#8243;][et_pb_code _builder_version=&#8221;4.4.8&#8243;]<h3><!-- [et_pb_line_break_holder] -->  Sal\u00e3o<!-- [et_pb_line_break_holder] --><\/h3><!-- [et_pb_line_break_holder] --><!-- [et_pb_line_break_holder] --><pee><!-- [et_pb_line_break_holder] --> O sal\u00e3o espera por voc\u00ea para um momento de pausa em um ambiente descontra\u00eddo onde voc\u00ea pode consumir refrigerantes e bebidas quentes: <\/br><!-- [et_pb_line_break_holder] -->\u2666 Com jornais nacional dispon\u00edvel. <\/br><!-- [et_pb_line_break_holder] -->\u2666 Wi-Fi gratuito e seguro no hotel.<!-- [et_pb_line_break_holder] --><\/pee>[\/et_pb_code][\/et_pb_column][et_pb_column type=&#8221;3_5&#8243; _builder_version=&#8221;4.4.8&#8243; background_enable_image=&#8221;off&#8221;][et_pb_image alt=&#8221;hotel-palym-lounge&#8221; title_text=&#8221;hotel-palym-lounge&#8221; _builder_version=&#8221;4.5.1&#8243; background_image=&#8221;https:\/\/www.paris-hotel-palym.com\/wp-content\/uploads\/2023\/02\/hotel-palym-lounge.jpg&#8221;][\/et_pb_image][\/et_pb_column][\/et_pb_row][et_pb_row column_structure=&#8221;2_5,3_5&#8243; make_equal=&#8221;on&#8221; admin_label=&#8221;Petit-d\u00e9jeuner&#8221; module_class=&#8221;services-content-row div-content petit-dejeuner&#8221; _builder_version=&#8221;4.4.8&#8243;][et_pb_column type=&#8221;2_5&#8243; module_class=&#8221;white-border&#8221; _builder_version=&#8221;4.4.8&#8243;][et_pb_code _builder_version=&#8221;4.5.1&#8243;]<h3>Pequeno almo\u00e7o<\/h3><!-- [et_pb_line_break_holder] --><!-- [et_pb_line_break_holder] --><pee><!-- [et_pb_line_break_holder] -->Para come\u00e7ar o dia da melhor maneira poss\u00edvel! Gourmet, o nosso pequeno-almo\u00e7o buffet americano \u00e9 servido na sala de jantar das 7:00 \u00e0s 11:00 ou no seu quarto a partir das 7:30 da manh\u00e3.<\/pee><!-- [et_pb_line_break_holder] --><!-- [et_pb_line_break_holder] --><pee>\u2666 No buffet de doces: bebida quente, sumo de fruta, muesli, queijo cottage, iogurte, compota, fruta, pastelaria, baguetes e sementes tradicionais, p\u00e3o branco e integral, mel, compota, nutella, manteiga doce, etc.<\/pee><!-- [et_pb_line_break_holder] --><!-- [et_pb_line_break_holder] --><pee>\u2666 No buffet salgado: queijo, presunto, ovos duros ou mexidos, bacon, batatas fritas, feij\u00e3o verde, manteiga com sal<\/pee>[\/et_pb_code][\/et_pb_column][et_pb_column type=&#8221;3_5&#8243; _builder_version=&#8221;4.4.8&#8243; background_enable_image=&#8221;off&#8221;][et_pb_image alt=&#8221;hotel-palym-petit-dejeuner-table-2&#8243; title_text=&#8221;hotel-palym-petit-dejeuner-table-2&#8243; _builder_version=&#8221;4.5.1&#8243; background_image=&#8221;https:\/\/www.paris-hotel-palym.com\/wp-content\/uploads\/2023\/02\/hotel-palym-petit-dejeuner-table-2.jpg&#8221; hover_enabled=&#8221;0&#8243;][\/et_pb_image][\/et_pb_column][\/et_pb_row][et_pb_row column_structure=&#8221;2_5,3_5&#8243; make_equal=&#8221;on&#8221; admin_label=&#8221;Pout tout vos besoins \u00e0 Paris&#8221; module_class=&#8221;services-content-row div-content paris&#8221; _builder_version=&#8221;4.4.8&#8243;][et_pb_column type=&#8221;2_5&#8243; module_class=&#8221;white-border&#8221; _builder_version=&#8221;4.4.8&#8243;][et_pb_code _builder_version=&#8221;4.4.8&#8243;]<h3><!-- [et_pb_line_break_holder] -->  E para todas as suas necessidades em Paris\u2026<!-- [et_pb_line_break_holder] --><\/h3><!-- [et_pb_line_break_holder] --><!-- [et_pb_line_break_holder] --><pee><!-- [et_pb_line_break_holder] -->Em todos os quartos, TV LCD com canais internacionais, acesso Wi-Fi gratuito, cofre, secador de cabelo, ar condicionado, produtos de boas-vindas\u2026<!-- [et_pb_line_break_holder] --><\/pee>[\/et_pb_code][\/et_pb_column][et_pb_column type=&#8221;3_5&#8243; _builder_version=&#8221;4.4.8&#8243; background_enable_image=&#8221;off&#8221;][et_pb_image alt=&#8221;H\u00f4tel Palym &#8211; Paris&#8221; title_text=&#8221;pourtousvosbesoins&#8221; _builder_version=&#8221;4.4.8&#8243; background_image=&#8221;https:\/\/www.paris-hotel-palym.com\/wp-content\/uploads\/2020\/07\/pourtousvosbesoins.jpg&#8221;][\/et_pb_image][\/et_pb_column][\/et_pb_row][\/et_pb_section]","protected":false},"excerpt":{"rendered":"[et_pb_section fb_built=&#8221;1&#8243; admin_label=&#8221;En-t\u00eate&#8221; module_id=&#8221;banner-section&#8221; module_class=&#8221;motif&#8221; _builder_version=&#8221;4.4.8&#8243; background_enable_image=&#8221;off&#8221; locked=&#8221;off&#8221; collapsed=&#8221;off&#8221;][et_pb_row _builder_version=&#8221;4.4.8&#8243;][et_pb_column type=&#8221;4_4&#8243; _builder_version=&#8221;4.4.8&#8243;][et_pb_text _builder_version=&#8221;4.4.8&#8243;]Servi\u00e7os Design Hotel em Paris &#8211; Gare de Lyon[\/et_pb_text][\/et_pb_column][\/et_pb_row][\/et_pb_section][et_pb_section fb_built=&#8221;1&#8243; module_class=&#8221;services-section neto-menu-section global-gallery-section&#8221; _builder_version=&#8221;4.4.8&#8243;][et_pb_row column_structure=&#8221;1_4,1_4,1_4,1_4&#8243; module_class=&#8221;services-row&#8221; _builder_version=&#8221;4.5.1&#8243;][et_pb_column type=&#8221;1_4&#8243; module_id=&#8221;reception&#8221; module_class=&#8221;white-border-hover div-trigger-open-first div-trigger&#8221; _builder_version=&#8221;4.4.8&#8243; background_image=&#8221;https:\/\/www.paris-hotel-palym.com\/wp-content\/uploads\/2020\/07\/reception.jpg&#8221;][et_pb_code _builder_version=&#8221;4.5.1&#8243; hover_enabled=&#8221;0&#8243; alt=&#8221;hotel-palym-reception&#8221; title_text=&#8221;hotel-palym-reception&#8221; background_image=&#8221;https:\/\/www.paris-hotel-palym.com\/wp-content\/uploads\/2023\/02\/hotel-palym-reception.jpg&#8221;] Recep\u00e7\u00e3o[\/et_pb_code][\/et_pb_column][et_pb_column type=&#8221;1_4&#8243; module_id=&#8221;salon&#8221; module_class=&#8221;white-border-hover div-trigger&#8221; _builder_version=&#8221;4.4.8&#8243; background_image=&#8221;https:\/\/www.paris-hotel-palym.com\/wp-content\/uploads\/2020\/07\/salon.jpeg&#8221;][et_pb_code _builder_version=&#8221;4.5.1&#8243; alt=&#8221;hotel-palym-lounge&#8221; title_text=&#8221;hotel-palym-lounge&#8221; background_image=&#8221;https:\/\/www.paris-hotel-palym.com\/wp-content\/uploads\/2023\/02\/hotel-palym-lounge.jpg&#8221;] Sal\u00e3o [\/et_pb_code][\/et_pb_column][et_pb_column type=&#8221;1_4&#8243; [&hellip;]","protected":false},"author":1,"featured_media":0,"parent":0,"menu_order":0,"comment_status":"closed","ping_status":"closed","template":"","meta":{"_et_pb_use_builder":"on","_et_pb_old_content":"","_et_gb_content_width":""},"yoast_head":"<!-- This site is optimized with the Yoast SEO plugin v14.3 - https:\/\/yoast.com\/wordpress\/plugins\/seo\/ -->\n<title>Hotel *** Palym | Hotel design Paris | Servi\u00e7os<\/title>\n<meta name=\"description\" content=\"Descubra agora os servi\u00e7os do hotel de design *** Palym em Paris, situado no sop\u00e9 da Gare de Lyon, perto de Notre-Dame, Bastille ou Bercy Village.\" \/>\n<meta name=\"robots\" content=\"index, follow\" \/>\n<meta name=\"googlebot\" content=\"index, follow, max-snippet:-1, max-image-preview:large, max-video-preview:-1\" \/>\n<meta name=\"bingbot\" content=\"index, follow, max-snippet:-1, max-image-preview:large, max-video-preview:-1\" \/>\n<link rel=\"canonical\" href=\"https:\/\/www.paris-hotel-palym.com\/pt-pt\/servicos\/\" \/>\n<meta property=\"og:locale\" content=\"pt_PT\" \/>\n<meta property=\"og:type\" content=\"article\" \/>\n<meta property=\"og:title\" content=\"Hotel *** Palym | Hotel design Paris | Servi\u00e7os\" \/>\n<meta property=\"og:description\" content=\"Descubra agora os servi\u00e7os do hotel de design *** Palym em Paris, situado no sop\u00e9 da Gare de Lyon, perto de Notre-Dame, Bastille ou Bercy Village.\" \/>\n<meta property=\"og:url\" content=\"https:\/\/www.paris-hotel-palym.com\/pt-pt\/servicos\/\" \/>\n<meta property=\"og:site_name\" content=\"H\u00f4tel Palym - Paris Lyon\" \/>\n<meta property=\"article:modified_time\" content=\"2023-02-24T13:09:36+00:00\" \/>\n<meta name=\"twitter:card\" content=\"summary_large_image\" \/>\n<script type=\"application\/ld+json\" class=\"yoast-schema-graph\">{\"@context\":\"https:\/\/schema.org\",\"@graph\":[{\"@type\":\"WebSite\",\"@id\":\"https:\/\/www.paris-hotel-palym.com\/pt-pt\/#website\",\"url\":\"https:\/\/www.paris-hotel-palym.com\/pt-pt\/\",\"name\":\"H\\u00f4tel Palym - Paris Lyon\",\"description\":\"H\\u00f4tel Design \\u00e0 Paris Gare de Lyon\",\"potentialAction\":[{\"@type\":\"SearchAction\",\"target\":\"https:\/\/www.paris-hotel-palym.com\/pt-pt\/?s={search_term_string}\",\"query-input\":\"required name=search_term_string\"}],\"inLanguage\":\"pt-PT\"},{\"@type\":\"WebPage\",\"@id\":\"https:\/\/www.paris-hotel-palym.com\/pt-pt\/servicos\/#webpage\",\"url\":\"https:\/\/www.paris-hotel-palym.com\/pt-pt\/servicos\/\",\"name\":\"Hotel *** Palym | Hotel design Paris | Servi\\u00e7os\",\"isPartOf\":{\"@id\":\"https:\/\/www.paris-hotel-palym.com\/pt-pt\/#website\"},\"datePublished\":\"2020-06-25T09:18:35+00:00\",\"dateModified\":\"2023-02-24T13:09:36+00:00\",\"description\":\"Descubra agora os servi\\u00e7os do hotel de design *** Palym em Paris, situado no sop\\u00e9 da Gare de Lyon, perto de Notre-Dame, Bastille ou Bercy Village.\",\"inLanguage\":\"pt-PT\",\"potentialAction\":[{\"@type\":\"ReadAction\",\"target\":[\"https:\/\/www.paris-hotel-palym.com\/pt-pt\/servicos\/\"]}]}]}<\/script>\n<!-- \/ Yoast SEO plugin. -->","_links":{"self":[{"href":"https:\/\/www.paris-hotel-palym.com\/pt-pt\/wp-json\/wp\/v2\/pages\/239768"}],"collection":[{"href":"https:\/\/www.paris-hotel-palym.com\/pt-pt\/wp-json\/wp\/v2\/pages"}],"about":[{"href":"https:\/\/www.paris-hotel-palym.com\/pt-pt\/wp-json\/wp\/v2\/types\/page"}],"author":[{"embeddable":true,"href":"https:\/\/www.paris-hotel-palym.com\/pt-pt\/wp-json\/wp\/v2\/users\/1"}],"replies":[{"embeddable":true,"href":"https:\/\/www.paris-hotel-palym.com\/pt-pt\/wp-json\/wp\/v2\/comments?post=239768"}],"version-history":[{"count":9,"href":"https:\/\/www.paris-hotel-palym.com\/pt-pt\/wp-json\/wp\/v2\/pages\/239768\/revisions"}],"predecessor-version":[{"id":242565,"href":"https:\/\/www.paris-hotel-palym.com\/pt-pt\/wp-json\/wp\/v2\/pages\/239768\/revisions\/242565"}],"wp:attachment":[{"href":"https:\/\/www.paris-hotel-palym.com\/pt-pt\/wp-json\/wp\/v2\/media?parent=239768"}],"curies":[{"name":"wp","href":"https:\/\/api.w.org\/{rel}","templated":true}]}}