{"id":239763,"date":"2020-06-25T13:26:36","date_gmt":"2020-06-25T13:26:36","guid":{"rendered":"https:\/\/www.paris-hotel-palym.com\/le-quartier\/"},"modified":"2024-08-20T09:00:28","modified_gmt":"2024-08-20T09:00:28","slug":"bairro","status":"publish","type":"page","link":"https:\/\/www.paris-hotel-palym.com\/pt-pt\/bairro\/","title":{"rendered":"Bairro"},"content":{"rendered":"[et_pb_section fb_built=&#8221;1&#8243; admin_label=&#8221;En-t\u00eate&#8221; module_id=&#8221;banner-section&#8221; module_class=&#8221;motif&#8221; _builder_version=&#8221;4.4.8&#8243; background_enable_image=&#8221;off&#8221; locked=&#8221;off&#8221;][et_pb_row _builder_version=&#8221;4.4.8&#8243;][et_pb_column type=&#8221;4_4&#8243; _builder_version=&#8221;4.4.8&#8243;][et_pb_text _builder_version=&#8221;4.4.8&#8243;]<h1>O bairro<\/h1>\r\n<h2>Design Hotel em Paris &#8211; Gare de Lyon<\/h2>[\/et_pb_text][\/et_pb_column][\/et_pb_row][\/et_pb_section][et_pb_section fb_built=&#8221;1&#8243; admin_label=&#8221;Slider section&#8221; module_class=&#8221;quartier-slider-section neto-menu-section&#8221; _builder_version=&#8221;4.4.8&#8243;][et_pb_row admin_label=&#8221;Slider&#8221; module_class=&#8221;quartier-slider-row&#8221; _builder_version=&#8221;4.4.8&#8243;][et_pb_column type=&#8221;4_4&#8243; module_class=&#8221;quartier-slider-container arrow-full&#8221; _builder_version=&#8221;4.4.8&#8243;][et_pb_code admin_label=&#8221;Gare de lyon&#8221; module_class=&#8221;quartier-slider-element white-border-hover div-trigger-infinite div-trigger-infinite-open-first div-element-gare-de-lyon&#8221; _builder_version=&#8221;4.4.8&#8243; background_image=&#8221;https:\/\/www.paris-hotel-palym.com\/wp-content\/uploads\/2020\/07\/Hotel-Palym-Galerie-Gare-de-Lyon.jpg&#8221; hover_enabled=&#8221;0&#8243;]  <h4><!-- [et_pb_line_break_holder] -->    Gare de Lyon<!-- [et_pb_line_break_holder] -->  <\/h4>[\/et_pb_code][et_pb_code admin_label=&#8221;Quartier Palym&#8221; module_class=&#8221;quartier-slider-element white-border-hover div-trigger-infinite div-element-quartier-palym&#8221; _builder_version=&#8221;4.4.8&#8243; background_image=&#8221;https:\/\/www.paris-hotel-palym.com\/wp-content\/uploads\/2020\/07\/Hotel-Palym-Quartier-le-12e.jpg&#8221;]  <h4><!-- [et_pb_line_break_holder] -->    O bairro do hotel Palym<!-- [et_pb_line_break_holder] -->  <\/h4><!-- [et_pb_line_break_holder] -->[\/et_pb_code][et_pb_code admin_label=&#8221;Cath\u00e9drale notre Dame &#8221; module_class=&#8221;quartier-slider-element white-border-hover div-trigger-infinite div-element-notre-dame&#8221; _builder_version=&#8221;4.4.8&#8243; background_image=&#8221;https:\/\/www.paris-hotel-palym.com\/wp-content\/uploads\/2020\/07\/Hotel-Palym-Quartier-Notre-Dame.jpg&#8221;]  <h4><!-- [et_pb_line_break_holder] -->    Cathedral Notre Dame<!-- [et_pb_line_break_holder] -->  <\/h4><!-- [et_pb_line_break_holder] -->[\/et_pb_code][et_pb_code admin_label=&#8221;Bastille&#8221; module_class=&#8221;quartier-slider-element white-border-hover div-trigger-infinite div-element-bastille&#8221; _builder_version=&#8221;4.4.8&#8243; background_image=&#8221;https:\/\/www.paris-hotel-palym.com\/wp-content\/uploads\/2020\/07\/Hotel-Palym-Quartier-Bastille.jpg&#8221;]  <h4><!-- [et_pb_line_break_holder] -->    Bastille<!-- [et_pb_line_break_holder] -->  <\/h4><!-- [et_pb_line_break_holder] -->[\/et_pb_code][et_pb_code admin_label=&#8221;AccorHotels&#8221; module_class=&#8221;quartier-slider-element white-border-hover div-trigger-infinite div-element-accor-hotels&#8221; _builder_version=&#8221;4.4.8&#8243; background_image=&#8221;https:\/\/www.paris-hotel-palym.com\/wp-content\/uploads\/2020\/07\/Hotel-Palym-Quartier-Accorhotels-Arena.jpg&#8221;]  <h4><!-- [et_pb_line_break_holder] -->    O Accorhotels Arena<!-- [et_pb_line_break_holder] -->  <\/h4><!-- [et_pb_line_break_holder] -->[\/et_pb_code][et_pb_code admin_label=&#8221;Bercy village&#8221; module_id=&#8221;bercy-village&#8221; module_class=&#8221;quartier-slider-element white-border-hover div-trigger-infinite div-element-bercy-village&#8221; _builder_version=&#8221;4.4.8&#8243; background_image=&#8221;https:\/\/www.paris-hotel-palym.com\/wp-content\/uploads\/2020\/07\/Hotel-Palym-Quartier-parc-de-bercy.jpg&#8221;]  <h4><!-- [et_pb_line_break_holder] -->    Bercy Village<!-- [et_pb_line_break_holder] -->  <\/h4><!-- [et_pb_line_break_holder] -->[\/et_pb_code][et_pb_code admin_label=&#8221;Jardin des plantes&#8221; module_class=&#8221;quartier-slider-element white-border-hover div-trigger-infinite div-element-jardin-plantes&#8221; _builder_version=&#8221;4.4.8&#8243; background_image=&#8221;https:\/\/www.paris-hotel-palym.com\/wp-content\/uploads\/2020\/07\/palym-le-quartier-jardin-des-plantes.jpg&#8221;]  <h4><!-- [et_pb_line_break_holder] -->   O Jardim das plantas<!-- [et_pb_line_break_holder] -->  <\/h4><!-- [et_pb_line_break_holder] -->[\/et_pb_code][et_pb_code admin_label=&#8221;Le marais&#8221; module_class=&#8221;quartier-slider-element white-border-hover div-trigger-infinite div-element-marais&#8221; _builder_version=&#8221;4.4.8&#8243; background_image=&#8221;https:\/\/www.paris-hotel-palym.com\/wp-content\/uploads\/2020\/07\/palym-le-quartier-le-marais-768&#215;580-1.jpg&#8221;]  <h4><!-- [et_pb_line_break_holder] -->  O marais<!-- [et_pb_line_break_holder] -->  <\/h4><!-- [et_pb_line_break_holder] -->[\/et_pb_code][\/et_pb_column][\/et_pb_row][et_pb_row column_structure=&#8221;1_2,1_2&#8243; admin_label=&#8221;Gare de Lyon&#8221; module_class=&#8221;quartier-content-row div-content-infinite gare-de-lyon&#8221; _builder_version=&#8221;4.4.8&#8243; hover_enabled=&#8221;0&#8243;][et_pb_column type=&#8221;1_2&#8243; _builder_version=&#8221;4.4.8&#8243;][et_pb_text _builder_version=&#8221;4.4.8&#8243; hover_enabled=&#8221;0&#8243;]<h3><!-- [et_pb_line_break_holder] -->  Gare de Lyon<!-- [et_pb_line_break_holder] --><\/h3><!-- [et_pb_line_break_holder] --><!-- [et_pb_line_break_holder] --><div class=\"separateur\"><\/div><!-- [et_pb_line_break_holder] --><!-- [et_pb_line_break_holder] --><p><!-- [et_pb_line_break_holder] -->Distingue-se pelo seu rel\u00f3gio com quatro faces pendurada no campan\u00e1rio, torre quadrada que olha para voc\u00ea com seus 67 metros, a Gare de Lyon \u00e9 um dos monumento-far\u00f3is de Paris 1900.<\/p><!-- [et_pb_line_break_holder] --><!-- [et_pb_line_break_holder] --><p>Aberto ao p\u00fablico nesta forma durante a feira mundial, h\u00e1 mais de um s\u00e9culo, ainda \u00e9 ativo e oferece ao viajante um ponto de not\u00e1vel encontro para quem toma o trem para o sul da Fran\u00e7a, mas tamb\u00e9m para a It\u00e1lia ou Espanha. 50 metros a p\u00e9 do hotel, que tamb\u00e9m abriga uma esta\u00e7\u00e3o de metro e RER, mas tamb\u00e9m um restaurante de renome dentro de seus muros: o muito famoso Train Bleu.<\/p><!-- [et_pb_line_break_holder] --><!-- [et_pb_line_break_holder] --><p>Desfrute de um jantar gastron\u00f4mico num ambiente excepcional a poucos minutos a p\u00e9 do hotel Palym ! Um verdadeiro privil\u00e9gio em Paris !<\/p><!-- [et_pb_line_break_holder] -->\n[\/et_pb_text][\/et_pb_column][et_pb_column type=&#8221;1_2&#8243; _builder_version=&#8221;4.4.8&#8243;][et_pb_image alt=&#8221;H\u00f4tel Palym &#8211; Gare de Lyon&#8221; title_text=&#8221;Hotel-Palym&#8212;Galerie&#8212;Gare-de-Lyon&#8221; module_class=&#8221;white-border&#8221; _builder_version=&#8221;4.4.8&#8243; background_image=&#8221;https:\/\/www.paris-hotel-palym.com\/wp-content\/uploads\/2020\/07\/Hotel-Palym-Galerie-Gare-de-Lyon.jpg&#8221;][\/et_pb_image][\/et_pb_column][\/et_pb_row][et_pb_row column_structure=&#8221;1_2,1_2&#8243; admin_label=&#8221;Le quartier de l&apos;h\u00f4tel Palym&#8221; module_class=&#8221;quartier-content-row div-content-infinite quartier-palym&#8221; _builder_version=&#8221;4.4.8&#8243;][et_pb_column type=&#8221;1_2&#8243; _builder_version=&#8221;4.4.8&#8243;][et_pb_text _builder_version=&#8221;4.4.8&#8243; hover_enabled=&#8221;0&#8243;]<h3><!-- [et_pb_line_break_holder] -->   O bairro do hotel Palym<!-- [et_pb_line_break_holder] --><\/h3><!-- [et_pb_line_break_holder] --><!-- [et_pb_line_break_holder] --><div class=\"separateur\"><\/div><!-- [et_pb_line_break_holder] --><!-- [et_pb_line_break_holder] --><p><!-- [et_pb_line_break_holder] -->Al\u00e9m de uma visita hist\u00f3rica, ou um jantar rom\u00e2ntico na Gare de Lyon, o bairro ir\u00e1 seduzi-lo com os seus passeios e atra\u00e7\u00f5es. Passeio por exemplo rua Cremieux, uma rua incomum, alegre e colorido em Paris! Em meio ao rigor arquitect\u00f3nico Haussmann, vemos atrav\u00e9s das fachadas de casas pintadas em cores brilhantes diferentes !<\/p><!-- [et_pb_line_break_holder] --><!-- [et_pb_line_break_holder] --><p>Em seguida, passeio no Parc de Bercy, logo atr\u00e1s da Gare de Lyon. A poucos minutos do seu hotel, este \u00e9 um lugar muito agrad\u00e1vel\u2026 quase tanto como o corredor verde que vai da Bastille \u00e0s portas de Paris e, gra\u00e7as \u00e0s suas passarelas e escadas que se encontram acima da rua permitir que os pedestres para descobrir Paris de forma diferente.<\/p><!-- [et_pb_line_break_holder] -->\n[\/et_pb_text][\/et_pb_column][et_pb_column type=&#8221;1_2&#8243; _builder_version=&#8221;4.4.8&#8243;][et_pb_image alt=&#8221;H\u00f4tel Palym &#8211; Le quartier&#8221; title_text=&#8221;Hotel-Palym&#8212;Quartier&#8212;le-12e&#8221; module_class=&#8221;white-border&#8221; _builder_version=&#8221;4.4.8&#8243; background_image=&#8221;https:\/\/www.paris-hotel-palym.com\/wp-content\/uploads\/2020\/07\/Hotel-Palym-Quartier-le-12e.jpg&#8221;][\/et_pb_image][\/et_pb_column][\/et_pb_row][et_pb_row column_structure=&#8221;1_2,1_2&#8243; admin_label=&#8221;Cath\u00e9drale Notre-Dame&#8221; module_class=&#8221;quartier-content-row div-content-infinite notre-dame&#8221; _builder_version=&#8221;4.4.8&#8243;][et_pb_column type=&#8221;1_2&#8243; _builder_version=&#8221;4.4.8&#8243;][et_pb_text _builder_version=&#8221;4.4.8&#8243; hover_enabled=&#8221;0&#8243;]<h3><!-- [et_pb_line_break_holder] -->  Cathedral Notre Dame<!-- [et_pb_line_break_holder] --><\/h3><!-- [et_pb_line_break_holder] --><!-- [et_pb_line_break_holder] --><div class=\"separateur\"><\/div><!-- [et_pb_line_break_holder] --><!-- [et_pb_line_break_holder] --><p><!-- [et_pb_line_break_holder] -->Em meia hora a p\u00e9 do seu quarto, voc\u00ea est\u00e1 \u00e0 frente. A verdadeira princesa de Paris na ilha da cidade. Como em um caso, ela brilha no centro de Paris, durante 7 s\u00e9culos e prazer aos olhos de seus seguidores que desfilam sob suas naves e quimeras. Hugo liter\u00e1ria, po\u00e9tica com charme Nerval, Notre Dame todos os visitantes de Paris\u2026<\/p><!-- [et_pb_line_break_holder] --><!-- [et_pb_line_break_holder] --><p>Fa\u00e7a o seu caminho para visitar esta obra da arte g\u00f3tica, patrim\u00f3nio mundial da humanidade. Descubra o que faz com que o mist\u00e9rio deste livro e apreciar a leveza e harmonia deste vasto navio de pedra.<\/p><!-- [et_pb_line_break_holder] --><!-- [et_pb_line_break_holder] --><p>Suba as torres que dominam Paris desde 1345 e tomar o caminho do c\u00e9u.<\/p><!-- [et_pb_line_break_holder] -->\n[\/et_pb_text][\/et_pb_column][et_pb_column type=&#8221;1_2&#8243; _builder_version=&#8221;4.4.8&#8243;][et_pb_image alt=&#8221;H\u00f4tel Palym &#8211; Cath\u00e9drale Notre Dame&#8221; title_text=&#8221;Hotel-Palym&#8212;Quartier&#8212;Notre-Dame&#8221; module_class=&#8221;white-border&#8221; _builder_version=&#8221;4.4.8&#8243; background_image=&#8221;https:\/\/www.paris-hotel-palym.com\/wp-content\/uploads\/2020\/07\/Hotel-Palym-Quartier-Notre-Dame.jpg&#8221;][\/et_pb_image][\/et_pb_column][\/et_pb_row][et_pb_row column_structure=&#8221;1_2,1_2&#8243; admin_label=&#8221;Bastille&#8221; module_class=&#8221;quartier-content-row div-content-infinite bastille&#8221; _builder_version=&#8221;4.4.8&#8243;][et_pb_column type=&#8221;1_2&#8243; _builder_version=&#8221;4.4.8&#8243;][et_pb_text _builder_version=&#8221;4.4.8&#8243; hover_enabled=&#8221;0&#8243;]<h3><!-- [et_pb_line_break_holder] -->  Bastille<!-- [et_pb_line_break_holder] --><\/h3><!-- [et_pb_line_break_holder] --><!-- [et_pb_line_break_holder] --><div class=\"separateur\"><\/div><!-- [et_pb_line_break_holder] --><!-- [et_pb_line_break_holder] --><p><!-- [et_pb_line_break_holder] -->Reserve a sua estadia legal e estilo de vida em Paris, gra\u00e7as ao bairro Bastille nas proximidades festiva, cultural e da moda em Paris!<\/p><!-- [et_pb_line_break_holder] --><!-- [et_pb_line_break_holder] --><p> Em festas e DJ sets, suas noites descolados, restaurantes e eventos em Paris! Art\u00edstico e bo\u00eamio, esta \u00e1rea d\u00e1-lhe uma consulta com um aceno de cabe\u00e7a na famosa coluna de julho, na Place de la Bastille, em Paris. Claro, \u00f3pera e noites l\u00edricos s\u00e3o seus mas a inveja pode fazer de repente voc\u00ea enrolar-lo com sabedoria em Paris ao lado de pequenos quadrados antigas e ruas tortuosas.\r\n<\/p><!-- [et_pb_line_break_holder] --><!-- [et_pb_line_break_holder] --><p>Voc\u00ea est\u00e1 a 12 minutos para o cora\u00e7\u00e3o de noites parisienses loucos.\r\n<\/p><!-- [et_pb_line_break_holder] -->[\/et_pb_text][\/et_pb_column][et_pb_column type=&#8221;1_2&#8243; _builder_version=&#8221;4.4.8&#8243;][et_pb_image alt=&#8221;H\u00f4tel Palym &#8211; Bastille&#8221; title_text=&#8221;Hotel-Palym&#8212;Quartier&#8212;Bastille&#8221; module_class=&#8221;white-border&#8221; _builder_version=&#8221;4.4.8&#8243; background_image=&#8221;https:\/\/www.paris-hotel-palym.com\/wp-content\/uploads\/2020\/07\/Hotel-Palym-Quartier-Bastille.jpg&#8221;][\/et_pb_image][\/et_pb_column][\/et_pb_row][et_pb_row column_structure=&#8221;1_2,1_2&#8243; admin_label=&#8221;L&apos;accorHotels arena&#8221; module_class=&#8221;quartier-content-row div-content-infinite accor-hotels&#8221; _builder_version=&#8221;4.4.8&#8243;][et_pb_column type=&#8221;1_2&#8243; _builder_version=&#8221;4.4.8&#8243;][et_pb_text _builder_version=&#8221;4.4.8&#8243; hover_enabled=&#8221;0&#8243;]<h3><!-- [et_pb_line_break_holder] -->  O accorHotels Arena<!-- [et_pb_line_break_holder] --><\/h3><!-- [et_pb_line_break_holder] --><!-- [et_pb_line_break_holder] --><div class=\"separateur\"><\/div><!-- [et_pb_line_break_holder] --><!-- [et_pb_line_break_holder] --><p><!-- [et_pb_line_break_holder] -->Voc\u00ea reservou h\u00e1 pouco seu concerto ou show em Paris Accorhotels Arena (antiga sala \u201cBercy\u201d) e voc\u00ea quer saber qual hotel que seria mais f\u00e1cil para ficar e voltar facilmente e muitas vezes tarde.<\/p><!-- [et_pb_line_break_holder] --><!-- [et_pb_line_break_holder] --><p>N\u00e3o procure mais\u2026 Deixe a sua bagagem no hotel Palym perto da Gare de Lyon !<\/p><!-- [et_pb_line_break_holder] --><!-- [et_pb_line_break_holder] --><p>Uma vez que seu concerto ou show terminou, salta em uma linha de metro 14 e deixe-se embalar por Morpheus no conforto e tranquilidade dentro de 10 minutos ap\u00f3s o seu lan\u00e7amento !\r\n<\/p><!-- [et_pb_line_break_holder] -->[\/et_pb_text][\/et_pb_column][et_pb_column type=&#8221;1_2&#8243; _builder_version=&#8221;4.4.8&#8243;][et_pb_image alt=&#8221;H\u00f4tel Palym &#8211; AccorHotels Arena&#8221; title_text=&#8221;Hotel-Palym&#8212;Quartier&#8212;Accorhotels-Arena&#8221; module_class=&#8221;white-border&#8221; _builder_version=&#8221;4.4.8&#8243; background_image=&#8221;https:\/\/www.paris-hotel-palym.com\/wp-content\/uploads\/2020\/07\/Hotel-Palym-Quartier-Accorhotels-Arena.jpg&#8221;][\/et_pb_image][\/et_pb_column][\/et_pb_row][et_pb_row column_structure=&#8221;1_2,1_2&#8243; admin_label=&#8221;Bercy village&#8221; module_class=&#8221;quartier-content-row div-content-infinite bercy-village&#8221; _builder_version=&#8221;4.4.8&#8243;][et_pb_column type=&#8221;1_2&#8243; _builder_version=&#8221;4.4.8&#8243;][et_pb_text _builder_version=&#8221;4.4.8&#8243; hover_enabled=&#8221;0&#8243;]<h3><!-- [et_pb_line_break_holder] -->  Bercy village<!-- [et_pb_line_break_holder] --><\/h3><!-- [et_pb_line_break_holder] --><!-- [et_pb_line_break_holder] --><div class=\"separateur\"><\/div><!-- [et_pb_line_break_holder] --><!-- [et_pb_line_break_holder] --><p><!-- [et_pb_line_break_holder] -->N\u00e3o muito longe de Palym, Bercy Village \u00e9 um lugar que \u00e9 hist\u00f3rico e contempor\u00e2neo, dedicado ao entretenimento e neg\u00f3cios. Em seus cais, o vinho da Borgonha costumava ser descarregado. Hoje, pode-se fazer compras em um shopping design.<\/p><!-- [et_pb_line_break_holder] --><!-- [et_pb_line_break_holder] --><p>Bem-vindo ao Bercy, centro de hiper-entretenimento contempor\u00e2neo. Esta \u00e1rea tornou-se culto para encontrar um restaurante agrad\u00e1vel, assistir a um concerto ou um espet\u00e1culo esportivo no AccorHotels Arena, rosto de bebida com formas futuristas do Minist\u00e9rio das Finan\u00e7as que sobe no Sena\u2026 E ent\u00e3o\u2026 uma visita de Cour Saint Emilion, antigas caves do s\u00e9culo XIX completamente restauradas. Em seguida, sobe, o show de Paris Bercy Village fica a poucos minutos do Palym\u2026.<\/p><!-- [et_pb_line_break_holder] --><!-- [et_pb_line_break_holder] --><p>Uma balada no encantador Bercy Village, uma descoberta do Carnival Arts Museum ou da Cinemateca Francesa !<\/p><!-- [et_pb_line_break_holder] -->[\/et_pb_text][\/et_pb_column][et_pb_column type=&#8221;1_2&#8243; _builder_version=&#8221;4.4.8&#8243;][et_pb_image alt=&#8221;H\u00f4tel Palym &#8211; Bercy Village&#8221; title_text=&#8221;Hotel-Palym&#8212;Quartier&#8212;parc-de-bercy&#8221; module_class=&#8221;white-border&#8221; _builder_version=&#8221;4.4.8&#8243; background_image=&#8221;https:\/\/www.paris-hotel-palym.com\/wp-content\/uploads\/2020\/07\/Hotel-Palym-Quartier-parc-de-bercy.jpg&#8221;][\/et_pb_image][\/et_pb_column][\/et_pb_row][et_pb_row column_structure=&#8221;1_2,1_2&#8243; admin_label=&#8221;Le jardin des plantes&#8221; module_class=&#8221;quartier-content-row div-content-infinite jardin-plantes&#8221; _builder_version=&#8221;4.4.8&#8243;][et_pb_column type=&#8221;1_2&#8243; _builder_version=&#8221;4.4.8&#8243;][et_pb_text _builder_version=&#8221;4.4.8&#8243; hover_enabled=&#8221;0&#8243;]<h3><!-- [et_pb_line_break_holder] -->  O Jardim das plantas<!-- [et_pb_line_break_holder] --><\/h3><!-- [et_pb_line_break_holder] --><!-- [et_pb_line_break_holder] --><div class=\"separateur\"><\/div><!-- [et_pb_line_break_holder] --><!-- [et_pb_line_break_holder] --><p><!-- [et_pb_line_break_holder] -->Uma caminhada de 10 minutos, 24 hectares de vegeta\u00e7\u00e3o, dois mil \u00e1rvores, doze jardins em o mais belo cen\u00e1rio verde de Paris: o jardim das plantas \u00e9 o jardim de superlativos.\r\n<!-- [et_pb_line_break_holder] -->Depois dos grandes espa\u00e7os, a Grande Galeria da Evolu\u00e7\u00e3o e seus dinossauros, o jardim zool\u00f3gico para fam\u00edlias ou amantes da Natureza. Voc\u00ea esta tanto num museu e num jardim.<\/p><!-- [et_pb_line_break_holder] --><!-- [et_pb_line_break_holder] --><p>Voc\u00ea atravessar a rua Geoffroy-Saint-Hilaire e voc\u00ea tem uma escolha de ch\u00e1, pastelaria oriental ou um vapor memor\u00e1vel na Grande Mesquita de Paris.\r\n<\/p><!-- [et_pb_line_break_holder] -->[\/et_pb_text][\/et_pb_column][et_pb_column type=&#8221;1_2&#8243; _builder_version=&#8221;4.4.8&#8243;][et_pb_image alt=&#8221;Hotel Palym &#8211; Jardin des plantes&#8221; title_text=&#8221;palym-le-quartier-jardin-des-plantes&#8221; module_class=&#8221;white-border&#8221; _builder_version=&#8221;4.4.8&#8243; background_image=&#8221;https:\/\/www.paris-hotel-palym.com\/wp-content\/uploads\/2020\/07\/palym-le-quartier-jardin-des-plantes.jpg&#8221;][\/et_pb_image][\/et_pb_column][\/et_pb_row][et_pb_row column_structure=&#8221;1_2,1_2&#8243; admin_label=&#8221;Le marais&#8221; module_class=&#8221;quartier-content-row div-content-infinite marais&#8221; _builder_version=&#8221;4.4.8&#8243;][et_pb_column type=&#8221;1_2&#8243; _builder_version=&#8221;4.4.8&#8243;][et_pb_text _builder_version=&#8221;4.4.8&#8243; hover_enabled=&#8221;0&#8243;]<h3><!-- [et_pb_line_break_holder] -->  O Marais<!-- [et_pb_line_break_holder] --><\/h3><!-- [et_pb_line_break_holder] --><!-- [et_pb_line_break_holder] --><div class=\"separateur\"><\/div><!-- [et_pb_line_break_holder] --><!-- [et_pb_line_break_holder] --><p><!-- [et_pb_line_break_holder] -->20 minutos a p\u00e9 do Palym Hotel, por Bastille, voc\u00ea vai andar no Marais. Primeiro passo essencial, a Place des Vosges: em \u201cCarette\u201d, voc\u00ea ir\u00e1 deliciar os famosos macaroons admirando jardins, mans\u00f5es famosas, lojas de antiguidades.<\/p><!-- [et_pb_line_break_holder] --><!-- [et_pb_line_break_holder] --><p>Francs Bourgeois compras inveja de rua viu resolver todas as lojas da moda do momento.<\/br><!-- [et_pb_line_break_holder] -->Pausa Museum ? O Museu Carnavalet e Paris n\u00e3o ter\u00e1 segredos para voc\u00ea, e do Museu Picasso e todos os per\u00edodos do rolo artista no H\u00f4tel venda, pr\u00e9dio que por si s\u00f3 vale a viagem. Dois passos, ainda est\u00e3o dentro do centro de Pompidou e suas exposi\u00e7\u00f5es de arte moderna.<\/p><!-- [et_pb_line_break_holder] --><!-- [et_pb_line_break_holder] --><p>Se voc\u00ea sentir como isto, se voc\u00ea sentir como isto, voc\u00ea terminar\u00e1 com um adorno debaixo do p\u00e1lio do foro bastante novo des Halles.<\/br><!-- [et_pb_line_break_holder] -->RER A uma esta\u00e7\u00e3o a mais, voc\u00ea est\u00e1 de volta em seu hotel Palym pode relaxar ap\u00f3s esta viagem inesquec\u00edvel.<\/p><!-- [et_pb_line_break_holder] -->[\/et_pb_text][\/et_pb_column][et_pb_column type=&#8221;1_2&#8243; _builder_version=&#8221;4.4.8&#8243;][et_pb_image alt=&#8221;H\u00f4tel Palym &#8211; Le Marais&#8221; title_text=&#8221;palym-le-quartier-le-marais-768&#215;580&#8243; module_class=&#8221;white-border&#8221; _builder_version=&#8221;4.4.8&#8243; background_image=&#8221;https:\/\/www.paris-hotel-palym.com\/wp-content\/uploads\/2020\/07\/palym-le-quartier-le-marais-768&#215;580-1.jpg&#8221;][\/et_pb_image][\/et_pb_column][\/et_pb_row][\/et_pb_section]","protected":false},"excerpt":{"rendered":"[et_pb_section fb_built=&#8221;1&#8243; admin_label=&#8221;En-t\u00eate&#8221; module_id=&#8221;banner-section&#8221; module_class=&#8221;motif&#8221; _builder_version=&#8221;4.4.8&#8243; background_enable_image=&#8221;off&#8221; locked=&#8221;off&#8221;][et_pb_row _builder_version=&#8221;4.4.8&#8243;][et_pb_column type=&#8221;4_4&#8243; _builder_version=&#8221;4.4.8&#8243;][et_pb_text _builder_version=&#8221;4.4.8&#8243;]O bairro Design Hotel em Paris &#8211; Gare de Lyon[\/et_pb_text][\/et_pb_column][\/et_pb_row][\/et_pb_section][et_pb_section fb_built=&#8221;1&#8243; admin_label=&#8221;Slider section&#8221; module_class=&#8221;quartier-slider-section neto-menu-section&#8221; _builder_version=&#8221;4.4.8&#8243;][et_pb_row admin_label=&#8221;Slider&#8221; module_class=&#8221;quartier-slider-row&#8221; _builder_version=&#8221;4.4.8&#8243;][et_pb_column type=&#8221;4_4&#8243; module_class=&#8221;quartier-slider-container arrow-full&#8221; _builder_version=&#8221;4.4.8&#8243;][et_pb_code admin_label=&#8221;Gare de lyon&#8221; module_class=&#8221;quartier-slider-element white-border-hover div-trigger-infinite div-trigger-infinite-open-first div-element-gare-de-lyon&#8221; _builder_version=&#8221;4.4.8&#8243; background_image=&#8221;https:\/\/www.paris-hotel-palym.com\/wp-content\/uploads\/2020\/07\/Hotel-Palym-Galerie-Gare-de-Lyon.jpg&#8221; hover_enabled=&#8221;0&#8243;] Gare de Lyon [\/et_pb_code][et_pb_code admin_label=&#8221;Quartier Palym&#8221; module_class=&#8221;quartier-slider-element white-border-hover div-trigger-infinite div-element-quartier-palym&#8221; [&hellip;]","protected":false},"author":1,"featured_media":0,"parent":0,"menu_order":0,"comment_status":"closed","ping_status":"closed","template":"","meta":{"_et_pb_use_builder":"on","_et_pb_old_content":"","_et_gb_content_width":""},"yoast_head":"<!-- This site is optimized with the Yoast SEO plugin v14.3 - https:\/\/yoast.com\/wordpress\/plugins\/seo\/ -->\n<title>Hotel *** Palym | Hotel design Paris | O distrito<\/title>\n<meta name=\"description\" content=\"Descubra agora a \u00e1rea do hotel de design *** Palym em Paris, localizado no sop\u00e9 da Gare de Lyon, perto de Notre-Dame, Bastille ou Bercy Village.\" \/>\n<meta name=\"robots\" content=\"index, follow\" \/>\n<meta name=\"googlebot\" content=\"index, follow, max-snippet:-1, max-image-preview:large, max-video-preview:-1\" \/>\n<meta name=\"bingbot\" content=\"index, follow, max-snippet:-1, max-image-preview:large, max-video-preview:-1\" \/>\n<link rel=\"canonical\" href=\"https:\/\/www.paris-hotel-palym.com\/le-quartier\/\" \/>\n<meta property=\"og:locale\" content=\"pt_PT\" \/>\n<meta property=\"og:type\" content=\"article\" \/>\n<meta property=\"og:title\" content=\"Hotel *** Palym | Hotel design Paris | O distrito\" \/>\n<meta property=\"og:description\" content=\"Descubra agora a \u00e1rea do hotel de design *** Palym em Paris, localizado no sop\u00e9 da Gare de Lyon, perto de Notre-Dame, Bastille ou Bercy Village.\" \/>\n<meta property=\"og:url\" content=\"https:\/\/www.paris-hotel-palym.com\/le-quartier\/\" \/>\n<meta property=\"og:site_name\" content=\"H\u00f4tel Palym - Paris Lyon\" \/>\n<meta property=\"article:modified_time\" content=\"2024-08-20T09:00:28+00:00\" \/>\n<meta name=\"twitter:card\" content=\"summary_large_image\" \/>\n<script type=\"application\/ld+json\" class=\"yoast-schema-graph\">{\"@context\":\"https:\/\/schema.org\",\"@graph\":[{\"@type\":\"WebSite\",\"@id\":\"https:\/\/www.paris-hotel-palym.com\/pt-pt\/#website\",\"url\":\"https:\/\/www.paris-hotel-palym.com\/pt-pt\/\",\"name\":\"H\\u00f4tel Palym - Paris Lyon\",\"description\":\"H\\u00f4tel Design \\u00e0 Paris Gare de Lyon\",\"potentialAction\":[{\"@type\":\"SearchAction\",\"target\":\"https:\/\/www.paris-hotel-palym.com\/pt-pt\/?s={search_term_string}\",\"query-input\":\"required name=search_term_string\"}],\"inLanguage\":\"pt-PT\"},{\"@type\":\"WebPage\",\"@id\":\"https:\/\/www.paris-hotel-palym.com\/le-quartier\/#webpage\",\"url\":\"https:\/\/www.paris-hotel-palym.com\/le-quartier\/\",\"name\":\"Hotel *** Palym | Hotel design Paris | O distrito\",\"isPartOf\":{\"@id\":\"https:\/\/www.paris-hotel-palym.com\/pt-pt\/#website\"},\"datePublished\":\"2020-06-25T13:26:36+00:00\",\"dateModified\":\"2024-08-20T09:00:28+00:00\",\"description\":\"Descubra agora a \\u00e1rea do hotel de design *** Palym em Paris, localizado no sop\\u00e9 da Gare de Lyon, perto de Notre-Dame, Bastille ou Bercy Village.\",\"inLanguage\":\"pt-PT\",\"potentialAction\":[{\"@type\":\"ReadAction\",\"target\":[\"https:\/\/www.paris-hotel-palym.com\/le-quartier\/\"]}]}]}<\/script>\n<!-- \/ Yoast SEO plugin. -->","_links":{"self":[{"href":"https:\/\/www.paris-hotel-palym.com\/pt-pt\/wp-json\/wp\/v2\/pages\/239763"}],"collection":[{"href":"https:\/\/www.paris-hotel-palym.com\/pt-pt\/wp-json\/wp\/v2\/pages"}],"about":[{"href":"https:\/\/www.paris-hotel-palym.com\/pt-pt\/wp-json\/wp\/v2\/types\/page"}],"author":[{"embeddable":true,"href":"https:\/\/www.paris-hotel-palym.com\/pt-pt\/wp-json\/wp\/v2\/users\/1"}],"replies":[{"embeddable":true,"href":"https:\/\/www.paris-hotel-palym.com\/pt-pt\/wp-json\/wp\/v2\/comments?post=239763"}],"version-history":[{"count":22,"href":"https:\/\/www.paris-hotel-palym.com\/pt-pt\/wp-json\/wp\/v2\/pages\/239763\/revisions"}],"predecessor-version":[{"id":243176,"href":"https:\/\/www.paris-hotel-palym.com\/pt-pt\/wp-json\/wp\/v2\/pages\/239763\/revisions\/243176"}],"wp:attachment":[{"href":"https:\/\/www.paris-hotel-palym.com\/pt-pt\/wp-json\/wp\/v2\/media?parent=239763"}],"curies":[{"name":"wp","href":"https:\/\/api.w.org\/{rel}","templated":true}]}}