{"id":239761,"date":"2020-06-25T13:26:36","date_gmt":"2020-06-25T13:26:36","guid":{"rendered":"https:\/\/www.paris-hotel-palym.com\/le-quartier\/"},"modified":"2024-08-20T08:57:10","modified_gmt":"2024-08-20T08:57:10","slug":"il-quartiere","status":"publish","type":"page","link":"https:\/\/www.paris-hotel-palym.com\/it\/il-quartiere\/","title":{"rendered":"Il Quartiere"},"content":{"rendered":"[et_pb_section fb_built=&#8221;1&#8243; admin_label=&#8221;En-t\u00eate&#8221; module_id=&#8221;banner-section&#8221; module_class=&#8221;motif&#8221; _builder_version=&#8221;4.4.8&#8243; background_enable_image=&#8221;off&#8221; locked=&#8221;off&#8221;][et_pb_row _builder_version=&#8221;4.4.8&#8243;][et_pb_column type=&#8221;4_4&#8243; _builder_version=&#8221;4.4.8&#8243;][et_pb_text _builder_version=&#8221;4.4.8&#8243;]<h1>Il Quartiere<\/h1>\r\n<h2>Design Hotel a Parigi &#8211; Gare de Lyon<\/h2>[\/et_pb_text][\/et_pb_column][\/et_pb_row][\/et_pb_section][et_pb_section fb_built=&#8221;1&#8243; admin_label=&#8221;Slider section&#8221; module_class=&#8221;quartier-slider-section neto-menu-section&#8221; _builder_version=&#8221;4.4.8&#8243;][et_pb_row admin_label=&#8221;Slider&#8221; module_class=&#8221;quartier-slider-row&#8221; _builder_version=&#8221;4.4.8&#8243;][et_pb_column type=&#8221;4_4&#8243; module_class=&#8221;quartier-slider-container arrow-full&#8221; _builder_version=&#8221;4.4.8&#8243;][et_pb_code admin_label=&#8221;Gare de lyon&#8221; module_class=&#8221;quartier-slider-element white-border-hover div-trigger-infinite div-trigger-infinite-open-first div-element-gare-de-lyon&#8221; _builder_version=&#8221;4.4.8&#8243; background_image=&#8221;https:\/\/www.paris-hotel-palym.com\/wp-content\/uploads\/2020\/07\/Hotel-Palym-Galerie-Gare-de-Lyon.jpg&#8221; hover_enabled=&#8221;0&#8243;]  <h4><!-- [et_pb_line_break_holder] -->    Gare de Lyon<!-- [et_pb_line_break_holder] -->  <\/h4>[\/et_pb_code][et_pb_code admin_label=&#8221;Quartier Palym&#8221; module_class=&#8221;quartier-slider-element white-border-hover div-trigger-infinite div-element-quartier-palym&#8221; _builder_version=&#8221;4.4.8&#8243; background_image=&#8221;https:\/\/www.paris-hotel-palym.com\/wp-content\/uploads\/2020\/07\/Hotel-Palym-Quartier-le-12e.jpg&#8221;]  <h4><!-- [et_pb_line_break_holder] -->    La zona del Palym Hotel<!-- [et_pb_line_break_holder] -->  <\/h4><!-- [et_pb_line_break_holder] -->[\/et_pb_code][et_pb_code admin_label=&#8221;Cath\u00e9drale notre Dame &#8221; module_class=&#8221;quartier-slider-element white-border-hover div-trigger-infinite div-element-notre-dame&#8221; _builder_version=&#8221;4.4.8&#8243; background_image=&#8221;https:\/\/www.paris-hotel-palym.com\/wp-content\/uploads\/2020\/07\/Hotel-Palym-Quartier-Notre-Dame.jpg&#8221;]  <h4><!-- [et_pb_line_break_holder] -->    Cattedrale di Notre-Dame<!-- [et_pb_line_break_holder] -->  <\/h4><!-- [et_pb_line_break_holder] -->[\/et_pb_code][et_pb_code admin_label=&#8221;Bastille&#8221; module_class=&#8221;quartier-slider-element white-border-hover div-trigger-infinite div-element-bastille&#8221; _builder_version=&#8221;4.4.8&#8243; background_image=&#8221;https:\/\/www.paris-hotel-palym.com\/wp-content\/uploads\/2020\/07\/Hotel-Palym-Quartier-Bastille.jpg&#8221;]  <h4><!-- [et_pb_line_break_holder] -->    Bastille<!-- [et_pb_line_break_holder] -->  <\/h4><!-- [et_pb_line_break_holder] -->[\/et_pb_code][et_pb_code admin_label=&#8221;AccorHotels&#8221; module_class=&#8221;quartier-slider-element white-border-hover div-trigger-infinite div-element-accor-hotels&#8221; _builder_version=&#8221;4.4.8&#8243; background_image=&#8221;https:\/\/www.paris-hotel-palym.com\/wp-content\/uploads\/2020\/07\/Hotel-Palym-Quartier-Accorhotels-Arena.jpg&#8221;]  <h4><!-- [et_pb_line_break_holder] -->    Il AccorHotels Arena<!-- [et_pb_line_break_holder] -->  <\/h4><!-- [et_pb_line_break_holder] -->[\/et_pb_code][et_pb_code admin_label=&#8221;Bercy village&#8221; module_id=&#8221;bercy-village&#8221; module_class=&#8221;quartier-slider-element white-border-hover div-trigger-infinite div-element-bercy-village&#8221; _builder_version=&#8221;4.4.8&#8243; background_image=&#8221;https:\/\/www.paris-hotel-palym.com\/wp-content\/uploads\/2020\/07\/Hotel-Palym-Quartier-parc-de-bercy.jpg&#8221;]  <h4><!-- [et_pb_line_break_holder] -->    Bercy Village<!-- [et_pb_line_break_holder] -->  <\/h4><!-- [et_pb_line_break_holder] -->[\/et_pb_code][et_pb_code admin_label=&#8221;Jardin des plantes&#8221; module_class=&#8221;quartier-slider-element white-border-hover div-trigger-infinite div-element-jardin-plantes&#8221; _builder_version=&#8221;4.4.8&#8243; background_image=&#8221;https:\/\/www.paris-hotel-palym.com\/wp-content\/uploads\/2020\/07\/palym-le-quartier-jardin-des-plantes.jpg&#8221;]  <h4><!-- [et_pb_line_break_holder] -->   Il Jardin des Plantes<!-- [et_pb_line_break_holder] -->  <\/h4><!-- [et_pb_line_break_holder] -->[\/et_pb_code][et_pb_code admin_label=&#8221;Le marais&#8221; module_class=&#8221;quartier-slider-element white-border-hover div-trigger-infinite div-element-marais&#8221; _builder_version=&#8221;4.4.8&#8243; background_image=&#8221;https:\/\/www.paris-hotel-palym.com\/wp-content\/uploads\/2020\/07\/palym-le-quartier-le-marais-768&#215;580-1.jpg&#8221;]  <h4><!-- [et_pb_line_break_holder] -->   Il Marais\r\n<!-- [et_pb_line_break_holder] -->  <\/h4><!-- [et_pb_line_break_holder] -->[\/et_pb_code][\/et_pb_column][\/et_pb_row][et_pb_row column_structure=&#8221;1_2,1_2&#8243; admin_label=&#8221;Gare de Lyon&#8221; module_class=&#8221;quartier-content-row div-content-infinite gare-de-lyon&#8221; _builder_version=&#8221;4.4.8&#8243; hover_enabled=&#8221;0&#8243;][et_pb_column type=&#8221;1_2&#8243; _builder_version=&#8221;4.4.8&#8243;][et_pb_text _builder_version=&#8221;4.4.8&#8243; hover_enabled=&#8221;0&#8243;]<h3><!-- [et_pb_line_break_holder] -->  Gare de Lyon<!-- [et_pb_line_break_holder] --><\/h3><!-- [et_pb_line_break_holder] --><!-- [et_pb_line_break_holder] --><div class=\"separateur\"><\/div><!-- [et_pb_line_break_holder] --><!-- [et_pb_line_break_holder] --><p><!-- [et_pb_line_break_holder] -->Si distingue per il proprio orologio con quattro facce appeso nel campanile, torre quadrata che ti guarda con i suoi 67 metri, la Gare de Lyon \u00e8 uno dei monumenti di Parigi 1900 di punta.<\/p><!-- [et_pb_line_break_holder] --><!-- [et_pb_line_break_holder] --><p>Aperto al pubblico in questa forma durante il mondo pi\u00f9 di un secolo fa, \u00e8 ancora attivo e offre al viaggiatore un punto di rendez-vous per chi prende il treno per il sud della Francia, ma anche in Italia o in Spagna. 50 metri a piedi dall\u2019hotel, ospita anche una stazione della metropolitana e RER, ma anche un rinomato ristorante: il celeberrimo Blue Train.<\/p><!-- [et_pb_line_break_holder] --><!-- [et_pb_line_break_holder] --><p>Godere di una cena gourmet in un ambiente eccezionale a pochi minuti a piedi dall\u2019hotel Palym! Un vero e proprio privilegio a Parigi !<\/p><!-- [et_pb_line_break_holder] -->\n[\/et_pb_text][\/et_pb_column][et_pb_column type=&#8221;1_2&#8243; _builder_version=&#8221;4.4.8&#8243;][et_pb_image alt=&#8221;H\u00f4tel Palym &#8211; Gare de Lyon&#8221; title_text=&#8221;Hotel-Palym&#8212;Galerie&#8212;Gare-de-Lyon&#8221; module_class=&#8221;white-border&#8221; _builder_version=&#8221;4.4.8&#8243; background_image=&#8221;https:\/\/www.paris-hotel-palym.com\/wp-content\/uploads\/2020\/07\/Hotel-Palym-Galerie-Gare-de-Lyon.jpg&#8221;][\/et_pb_image][\/et_pb_column][\/et_pb_row][et_pb_row column_structure=&#8221;1_2,1_2&#8243; admin_label=&#8221;Le quartier de l&apos;h\u00f4tel Palym&#8221; module_class=&#8221;quartier-content-row div-content-infinite quartier-palym&#8221; _builder_version=&#8221;4.4.8&#8243;][et_pb_column type=&#8221;1_2&#8243; _builder_version=&#8221;4.4.8&#8243;][et_pb_text _builder_version=&#8221;4.4.8&#8243; hover_enabled=&#8221;0&#8243;]<h3><!-- [et_pb_line_break_holder] -->  La zona del Palym Hotel<!-- [et_pb_line_break_holder] --><\/h3><!-- [et_pb_line_break_holder] --><!-- [et_pb_line_break_holder] --><div class=\"separateur\"><\/div><!-- [et_pb_line_break_holder] --><!-- [et_pb_line_break_holder] --><p><!-- [et_pb_line_break_holder] -->Oltre ad una visita storica, o cene romantiche alla Gare de Lyon, il quartiere vi sedurr\u00e0 con le sue giostre e attrazioni. Per esempio, la strada Cr\u00e9mieux, una strada insolita, allegro e colorato di Parigi! In mezzo il rigore architettonico Haussmann, lo vediamo attraverso le facciate delle case dipinte in vari colori vivaci !<\/p><!-- [et_pb_line_break_holder] --><!-- [et_pb_line_break_holder] --><p>Poi passeggiata nel verde Parc de Bercy, proprio dietro la Gare de Lyon. A pochi minuti dal vostro hotel, questo \u00e8 un posto molto bello\u2026 Quasi quanto il corridoio verde che va dalla Bastiglia fino alle porte di Parigi e, grazie alle sue passerelle e scale situate sopra strada consentono ai pedoni di scoprire Parigi in modo diverso.<\/p><!-- [et_pb_line_break_holder] -->\n[\/et_pb_text][\/et_pb_column][et_pb_column type=&#8221;1_2&#8243; _builder_version=&#8221;4.4.8&#8243;][et_pb_image alt=&#8221;H\u00f4tel Palym &#8211; Le quartier&#8221; title_text=&#8221;Hotel-Palym&#8212;Quartier&#8212;le-12e&#8221; module_class=&#8221;white-border&#8221; _builder_version=&#8221;4.4.8&#8243; background_image=&#8221;https:\/\/www.paris-hotel-palym.com\/wp-content\/uploads\/2020\/07\/Hotel-Palym-Quartier-le-12e.jpg&#8221;][\/et_pb_image][\/et_pb_column][\/et_pb_row][et_pb_row column_structure=&#8221;1_2,1_2&#8243; admin_label=&#8221;Cath\u00e9drale Notre-Dame&#8221; module_class=&#8221;quartier-content-row div-content-infinite notre-dame&#8221; _builder_version=&#8221;4.4.8&#8243;][et_pb_column type=&#8221;1_2&#8243; _builder_version=&#8221;4.4.8&#8243;][et_pb_text _builder_version=&#8221;4.4.8&#8243; hover_enabled=&#8221;0&#8243;]<h3><!-- [et_pb_line_break_holder] -->  Cattedrale di Notre-Dame<!-- [et_pb_line_break_holder] --><\/h3><!-- [et_pb_line_break_holder] --><!-- [et_pb_line_break_holder] --><div class=\"separateur\"><\/div><!-- [et_pb_line_break_holder] --><!-- [et_pb_line_break_holder] --><p><!-- [et_pb_line_break_holder] -->In mezz\u2019ora di cammino dalla vostra camera, sei in vantaggio. La vera principessa di Parigi trono sull\u2019isola della citt\u00e0. Come in un caso, brilla nel centro di Parigi per 7 secoli e sono felice agli occhi dei suoi seguaci che sfilano sotto le sue navate e chimere. Epico con Hugo, poetica con Nerval, Notre-Dame affasciner\u00e0 tutti i visitatori di Parigi.<\/p><!-- [et_pb_line_break_holder] --><!-- [et_pb_line_break_holder] --><p>Fai la tua strada per visitare questo capolavoro dell\u2019arte gotica, patrimonio mondiale dell\u2019umanit\u00e0. Scopri cosa rende il mistero di questo sito e godere la leggerezza e l\u2019armonia di questo vasto serbatoio di pietra.<\/p><!-- [et_pb_line_break_holder] --><!-- [et_pb_line_break_holder] --><p>Salite le torri che dominano Parigi dal 1345 e prendere il sentiero del cielo.<\/p><!-- [et_pb_line_break_holder] -->\n[\/et_pb_text][\/et_pb_column][et_pb_column type=&#8221;1_2&#8243; _builder_version=&#8221;4.4.8&#8243;][et_pb_image alt=&#8221;H\u00f4tel Palym &#8211; Cath\u00e9drale Notre Dame&#8221; title_text=&#8221;Hotel-Palym&#8212;Quartier&#8212;Notre-Dame&#8221; module_class=&#8221;white-border&#8221; _builder_version=&#8221;4.4.8&#8243; background_image=&#8221;https:\/\/www.paris-hotel-palym.com\/wp-content\/uploads\/2020\/07\/Hotel-Palym-Quartier-Notre-Dame.jpg&#8221;][\/et_pb_image][\/et_pb_column][\/et_pb_row][et_pb_row column_structure=&#8221;1_2,1_2&#8243; admin_label=&#8221;Bastille&#8221; module_class=&#8221;quartier-content-row div-content-infinite bastille&#8221; _builder_version=&#8221;4.4.8&#8243;][et_pb_column type=&#8221;1_2&#8243; _builder_version=&#8221;4.4.8&#8243;][et_pb_text _builder_version=&#8221;4.4.8&#8243; hover_enabled=&#8221;0&#8243;]<h3><!-- [et_pb_line_break_holder] -->  Bastille<!-- [et_pb_line_break_holder] --><\/h3><!-- [et_pb_line_break_holder] --><!-- [et_pb_line_break_holder] --><div class=\"separateur\"><\/div><!-- [et_pb_line_break_holder] --><!-- [et_pb_line_break_holder] --><p><!-- [et_pb_line_break_holder] -->Prenotate il vostro soggiorno fresco e lifestyle a Parigi grazie alla vicinanza della Bastiglia, un quartiere festoso, culturale e alla moda di Parigi !<\/p><!-- [et_pb_line_break_holder] --><!-- [et_pb_line_break_holder] --><p>Ai vostri cocktail e DJ set, alle vostre feste hipster, ai ristoranti e agli eventi parigini! Arty e boh\u00e9mien, questo quartiere vi incontrer\u00e0 in un batter d&#8217;occhio sotto la famosa Colonna di luglio, sulla piazza della Bastiglia a Parigi. Poi, naturalmente, l&#8217;opera e le sue serate liriche sono tue, ma potresti improvvisamente sentirti come se ti trovassi nei bassifondi di Parigi sul lato delle piccole piazze antiche e delle strade tortuose.<\/p><!-- [et_pb_line_break_holder] --><!-- [et_pb_line_break_holder] --><p>In soli 12 minuti sarete nel cuore delle folli notti parigine.<\/p><!-- [et_pb_line_break_holder] -->[\/et_pb_text][\/et_pb_column][et_pb_column type=&#8221;1_2&#8243; _builder_version=&#8221;4.4.8&#8243;][et_pb_image alt=&#8221;H\u00f4tel Palym &#8211; Bastille&#8221; title_text=&#8221;Hotel-Palym&#8212;Quartier&#8212;Bastille&#8221; module_class=&#8221;white-border&#8221; _builder_version=&#8221;4.4.8&#8243; background_image=&#8221;https:\/\/www.paris-hotel-palym.com\/wp-content\/uploads\/2020\/07\/Hotel-Palym-Quartier-Bastille.jpg&#8221;][\/et_pb_image][\/et_pb_column][\/et_pb_row][et_pb_row column_structure=&#8221;1_2,1_2&#8243; admin_label=&#8221;L&apos;accorHotels arena&#8221; module_class=&#8221;quartier-content-row div-content-infinite accor-hotels&#8221; _builder_version=&#8221;4.4.8&#8243;][et_pb_column type=&#8221;1_2&#8243; _builder_version=&#8221;4.4.8&#8243;][et_pb_text _builder_version=&#8221;4.4.8&#8243; hover_enabled=&#8221;0&#8243;]<h3><!-- [et_pb_line_break_holder] -->  Il accorHotels Arena<!-- [et_pb_line_break_holder] --><\/h3><!-- [et_pb_line_break_holder] --><!-- [et_pb_line_break_holder] --><div class=\"separateur\"><\/div><!-- [et_pb_line_break_holder] --><!-- [et_pb_line_break_holder] --><p><!-- [et_pb_line_break_holder] -->Basta prenotare il vostro concerto o spettacolo a Parigi Accorhotels Arena (ex sala \u201cBercy\u201d) e ti chiedi quale albergo sarebbe pi\u00f9 facile rimanere per tornare facilmente e spesso in ritardo.<\/p><!-- [et_pb_line_break_holder] --><!-- [et_pb_line_break_holder] --><p>Non cercate oltre \u2026 E i bagagli in hotel Palym nei pressi della Gare de Lyon !<\/p><!-- [et_pb_line_break_holder] --><!-- [et_pb_line_break_holder] --><p>Una volta che il concerto o spettacolo finito, salire su una linea della metropolitana 14 e lasciatevi cullare da Morfeo nel comfort e tranquillit\u00e0 a 10 minuti dopo il suo rilascio !<\/p><!-- [et_pb_line_break_holder] -->[\/et_pb_text][\/et_pb_column][et_pb_column type=&#8221;1_2&#8243; _builder_version=&#8221;4.4.8&#8243;][et_pb_image alt=&#8221;H\u00f4tel Palym &#8211; AccorHotels Arena&#8221; title_text=&#8221;Hotel-Palym&#8212;Quartier&#8212;Accorhotels-Arena&#8221; module_class=&#8221;white-border&#8221; _builder_version=&#8221;4.4.8&#8243; background_image=&#8221;https:\/\/www.paris-hotel-palym.com\/wp-content\/uploads\/2020\/07\/Hotel-Palym-Quartier-Accorhotels-Arena.jpg&#8221;][\/et_pb_image][\/et_pb_column][\/et_pb_row][et_pb_row column_structure=&#8221;1_2,1_2&#8243; admin_label=&#8221;Bercy village&#8221; module_class=&#8221;quartier-content-row div-content-infinite bercy-village&#8221; _builder_version=&#8221;4.4.8&#8243;][et_pb_column type=&#8221;1_2&#8243; _builder_version=&#8221;4.4.8&#8243;][et_pb_text _builder_version=&#8221;4.4.8&#8243; hover_enabled=&#8221;0&#8243;]<h3><!-- [et_pb_line_break_holder] -->  Bercy village<!-- [et_pb_line_break_holder] --><\/h3><!-- [et_pb_line_break_holder] --><!-- [et_pb_line_break_holder] --><div class=\"separateur\"><\/div><!-- [et_pb_line_break_holder] --><!-- [et_pb_line_break_holder] --><p><!-- [et_pb_line_break_holder] -->Non lontano da Palym, Bercy Village \u00e8 un luogo che \u00e8 allo stesso tempo storica e contemporanea, dedicata a svago e affari. Sulle sue banchine, vino di Borgogna usato per essere scaricati. Oggi, si pu\u00f2 fare shopping in un centro commerciale di design.<\/p><!-- [et_pb_line_break_holder] --><!-- [et_pb_line_break_holder] --><p>Benvenuti a Bercy, il centro per l\u2019intrattenimento iper contemporaneo. Questa zona \u00e8 diventata di culto per trovare un bel ristorante, assistere ad un concerto o uno spettacolo sportivo ai Accorhotels Arena, bevanda faccia con forme futuristiche il Ministero delle Finanze, che svetta sulla Senna\u2026 E poi\u2026 una visita del Santo Emilion Corte, ex cantine del XIX secolo completamente restaurato o una ballata nel bel Parc de Bercy, una scoperta di Arts Museum Carnevale o la Cinematheque francese ! A pochi minuti dall\u2019Hotel Palym.<\/p><!-- [et_pb_line_break_holder] -->[\/et_pb_text][\/et_pb_column][et_pb_column type=&#8221;1_2&#8243; _builder_version=&#8221;4.4.8&#8243;][et_pb_image alt=&#8221;H\u00f4tel Palym &#8211; Bercy Village&#8221; title_text=&#8221;Hotel-Palym&#8212;Quartier&#8212;parc-de-bercy&#8221; module_class=&#8221;white-border&#8221; _builder_version=&#8221;4.4.8&#8243; background_image=&#8221;https:\/\/www.paris-hotel-palym.com\/wp-content\/uploads\/2020\/07\/Hotel-Palym-Quartier-parc-de-bercy.jpg&#8221;][\/et_pb_image][\/et_pb_column][\/et_pb_row][et_pb_row column_structure=&#8221;1_2,1_2&#8243; admin_label=&#8221;Le jardin des plantes&#8221; module_class=&#8221;quartier-content-row div-content-infinite jardin-plantes&#8221; _builder_version=&#8221;4.4.8&#8243;][et_pb_column type=&#8221;1_2&#8243; _builder_version=&#8221;4.4.8&#8243;][et_pb_text _builder_version=&#8221;4.4.8&#8243; hover_enabled=&#8221;0&#8243;]<h3><!-- [et_pb_line_break_holder] -->  Il Jardin des Plantes<!-- [et_pb_line_break_holder] --><\/h3><!-- [et_pb_line_break_holder] --><!-- [et_pb_line_break_holder] --><div class=\"separateur\"><\/div><!-- [et_pb_line_break_holder] --><!-- [et_pb_line_break_holder] --><p><!-- [et_pb_line_break_holder] -->A 10 minuti a piedi, 24 ettari di verde, duemila alberi, dodici giardini: la pi\u00f9 bella cornice verde di Parigi: il giardino botanico \u00e8 il giardino di superlativi.\r\nDopo i grandi spazi aperti, la Grande Galleria di Evolution e dei suoi dinosauri, lo zoo o lo zoo per famiglie o per gli amanti della natura. Sei sia un museo e un giardino.<\/p><!-- [et_pb_line_break_holder] --><!-- [et_pb_line_break_holder] --><p>Si attraversa la strada Geoffroy-Saint-Hilaire e si dispone di una scelta di t\u00e8, dolci orientali o un bagno turco memorabile nella Grande Moschea di Parigi.<\/p><!-- [et_pb_line_break_holder] -->[\/et_pb_text][\/et_pb_column][et_pb_column type=&#8221;1_2&#8243; _builder_version=&#8221;4.4.8&#8243;][et_pb_image alt=&#8221;Hotel Palym &#8211; Jardin des plantes&#8221; title_text=&#8221;palym-le-quartier-jardin-des-plantes&#8221; module_class=&#8221;white-border&#8221; _builder_version=&#8221;4.4.8&#8243; background_image=&#8221;https:\/\/www.paris-hotel-palym.com\/wp-content\/uploads\/2020\/07\/palym-le-quartier-jardin-des-plantes.jpg&#8221;][\/et_pb_image][\/et_pb_column][\/et_pb_row][et_pb_row column_structure=&#8221;1_2,1_2&#8243; admin_label=&#8221;Le marais&#8221; module_class=&#8221;quartier-content-row div-content-infinite marais&#8221; _builder_version=&#8221;4.4.8&#8243;][et_pb_column type=&#8221;1_2&#8243; _builder_version=&#8221;4.4.8&#8243;][et_pb_text _builder_version=&#8221;4.4.8&#8243; hover_enabled=&#8221;0&#8243;]<h3><!-- [et_pb_line_break_holder] -->  Il Marais<!-- [et_pb_line_break_holder] --><\/h3><!-- [et_pb_line_break_holder] --><!-- [et_pb_line_break_holder] --><div class=\"separateur\"><\/div><!-- [et_pb_line_break_holder] --><!-- [et_pb_line_break_holder] --><p><!-- [et_pb_line_break_holder] -->20 minuti a piedi dal Palym Hotel, via della Bastiglia, si cammina nel Marais. Essential primo passo, Place des Vosges: in \u201cCarette\u201d, potrete gustare i famosi amaretti ammirare giardini, palazzi famosi, e negozi di antiquariato<\/p><!-- [et_pb_line_break_holder] --><!-- [et_pb_line_break_holder] --><p>Shopping invidia? le Francs Bourgeois case di strada tutti i presenti negozi alla moda.\r\n<\/br><!-- [et_pb_line_break_holder] -->Una pausa Museum ? Il Museo Carnavalet di Parigi e non avr\u00e0 pi\u00f9 segreti per voi. Il museo Picasso e sar\u00e0 possibile ammirare tutti i periodi dell\u2019artista nella H\u00f4tel Sal\u00e9 \u2013 il famoso edificio da sola vale il viaggio. A due passi, si stanno dirigendo verso il centro Pompidou e le sue mostre di arte moderna.\r\n\r\n<\/p><!-- [et_pb_line_break_holder] --><!-- [et_pb_line_break_holder] --><p>Se vi piace di pi\u00f9, vi ritroverete in grande stile sotto il baldacchino del nuovo \u201cLes Halles\u201d.<\/br><!-- [et_pb_line_break_holder] -->Stazione RER A seguito sei tornato in albergo bello Palym e ci si pu\u00f2 rilassare dopo questo viaggio indimenticabile.<\/p><!-- [et_pb_line_break_holder] -->[\/et_pb_text][\/et_pb_column][et_pb_column type=&#8221;1_2&#8243; _builder_version=&#8221;4.4.8&#8243;][et_pb_image alt=&#8221;H\u00f4tel Palym &#8211; Le Marais&#8221; title_text=&#8221;palym-le-quartier-le-marais-768&#215;580&#8243; module_class=&#8221;white-border&#8221; _builder_version=&#8221;4.4.8&#8243; background_image=&#8221;https:\/\/www.paris-hotel-palym.com\/wp-content\/uploads\/2020\/07\/palym-le-quartier-le-marais-768&#215;580-1.jpg&#8221;][\/et_pb_image][\/et_pb_column][\/et_pb_row][\/et_pb_section]","protected":false},"excerpt":{"rendered":"[et_pb_section fb_built=&#8221;1&#8243; admin_label=&#8221;En-t\u00eate&#8221; module_id=&#8221;banner-section&#8221; module_class=&#8221;motif&#8221; _builder_version=&#8221;4.4.8&#8243; background_enable_image=&#8221;off&#8221; locked=&#8221;off&#8221;][et_pb_row _builder_version=&#8221;4.4.8&#8243;][et_pb_column type=&#8221;4_4&#8243; _builder_version=&#8221;4.4.8&#8243;][et_pb_text _builder_version=&#8221;4.4.8&#8243;]Il Quartiere Design Hotel a Parigi &#8211; Gare de Lyon[\/et_pb_text][\/et_pb_column][\/et_pb_row][\/et_pb_section][et_pb_section fb_built=&#8221;1&#8243; admin_label=&#8221;Slider section&#8221; module_class=&#8221;quartier-slider-section neto-menu-section&#8221; _builder_version=&#8221;4.4.8&#8243;][et_pb_row admin_label=&#8221;Slider&#8221; module_class=&#8221;quartier-slider-row&#8221; _builder_version=&#8221;4.4.8&#8243;][et_pb_column type=&#8221;4_4&#8243; module_class=&#8221;quartier-slider-container arrow-full&#8221; _builder_version=&#8221;4.4.8&#8243;][et_pb_code admin_label=&#8221;Gare de lyon&#8221; module_class=&#8221;quartier-slider-element white-border-hover div-trigger-infinite div-trigger-infinite-open-first div-element-gare-de-lyon&#8221; _builder_version=&#8221;4.4.8&#8243; background_image=&#8221;https:\/\/www.paris-hotel-palym.com\/wp-content\/uploads\/2020\/07\/Hotel-Palym-Galerie-Gare-de-Lyon.jpg&#8221; hover_enabled=&#8221;0&#8243;] Gare de Lyon [\/et_pb_code][et_pb_code admin_label=&#8221;Quartier Palym&#8221; module_class=&#8221;quartier-slider-element white-border-hover div-trigger-infinite div-element-quartier-palym&#8221; [&hellip;]","protected":false},"author":1,"featured_media":0,"parent":0,"menu_order":0,"comment_status":"closed","ping_status":"closed","template":"","meta":{"_et_pb_use_builder":"on","_et_pb_old_content":"","_et_gb_content_width":""},"yoast_head":"<!-- This site is optimized with the Yoast SEO plugin v14.3 - https:\/\/yoast.com\/wordpress\/plugins\/seo\/ -->\n<title>Hotel *** Palym | Hotel design Parigi | Il quartiere<\/title>\n<meta name=\"description\" content=\"Scoprite ora la zona del design hotel *** Palym a Parigi, situato ai piedi della Gare de Lyon, vicino a Notre-Dame, Bastille o Bercy Village.\" \/>\n<meta name=\"robots\" content=\"index, follow\" \/>\n<meta name=\"googlebot\" content=\"index, follow, max-snippet:-1, max-image-preview:large, max-video-preview:-1\" \/>\n<meta name=\"bingbot\" content=\"index, follow, max-snippet:-1, max-image-preview:large, max-video-preview:-1\" \/>\n<link rel=\"canonical\" href=\"https:\/\/www.paris-hotel-palym.com\/le-quartier\/\" \/>\n<meta property=\"og:locale\" content=\"it_IT\" \/>\n<meta property=\"og:type\" content=\"article\" \/>\n<meta property=\"og:title\" content=\"Hotel *** Palym | Hotel design Parigi | Il quartiere\" \/>\n<meta property=\"og:description\" content=\"Scoprite ora la zona del design hotel *** Palym a Parigi, situato ai piedi della Gare de Lyon, vicino a Notre-Dame, Bastille o Bercy Village.\" \/>\n<meta property=\"og:url\" content=\"https:\/\/www.paris-hotel-palym.com\/le-quartier\/\" \/>\n<meta property=\"og:site_name\" content=\"H\u00f4tel Palym - Paris Lyon\" \/>\n<meta property=\"article:modified_time\" content=\"2024-08-20T08:57:10+00:00\" \/>\n<meta name=\"twitter:card\" content=\"summary_large_image\" \/>\n<script type=\"application\/ld+json\" class=\"yoast-schema-graph\">{\"@context\":\"https:\/\/schema.org\",\"@graph\":[{\"@type\":\"WebSite\",\"@id\":\"https:\/\/www.paris-hotel-palym.com\/it\/#website\",\"url\":\"https:\/\/www.paris-hotel-palym.com\/it\/\",\"name\":\"H\\u00f4tel Palym - Paris Lyon\",\"description\":\"H\\u00f4tel Design \\u00e0 Paris Gare de Lyon\",\"potentialAction\":[{\"@type\":\"SearchAction\",\"target\":\"https:\/\/www.paris-hotel-palym.com\/it\/?s={search_term_string}\",\"query-input\":\"required name=search_term_string\"}],\"inLanguage\":\"it-IT\"},{\"@type\":\"WebPage\",\"@id\":\"https:\/\/www.paris-hotel-palym.com\/le-quartier\/#webpage\",\"url\":\"https:\/\/www.paris-hotel-palym.com\/le-quartier\/\",\"name\":\"Hotel *** Palym | Hotel design Parigi | Il quartiere\",\"isPartOf\":{\"@id\":\"https:\/\/www.paris-hotel-palym.com\/it\/#website\"},\"datePublished\":\"2020-06-25T13:26:36+00:00\",\"dateModified\":\"2024-08-20T08:57:10+00:00\",\"description\":\"Scoprite ora la zona del design hotel *** Palym a Parigi, situato ai piedi della Gare de Lyon, vicino a Notre-Dame, Bastille o Bercy Village.\",\"inLanguage\":\"it-IT\",\"potentialAction\":[{\"@type\":\"ReadAction\",\"target\":[\"https:\/\/www.paris-hotel-palym.com\/le-quartier\/\"]}]}]}<\/script>\n<!-- \/ Yoast SEO plugin. -->","_links":{"self":[{"href":"https:\/\/www.paris-hotel-palym.com\/it\/wp-json\/wp\/v2\/pages\/239761"}],"collection":[{"href":"https:\/\/www.paris-hotel-palym.com\/it\/wp-json\/wp\/v2\/pages"}],"about":[{"href":"https:\/\/www.paris-hotel-palym.com\/it\/wp-json\/wp\/v2\/types\/page"}],"author":[{"embeddable":true,"href":"https:\/\/www.paris-hotel-palym.com\/it\/wp-json\/wp\/v2\/users\/1"}],"replies":[{"embeddable":true,"href":"https:\/\/www.paris-hotel-palym.com\/it\/wp-json\/wp\/v2\/comments?post=239761"}],"version-history":[{"count":30,"href":"https:\/\/www.paris-hotel-palym.com\/it\/wp-json\/wp\/v2\/pages\/239761\/revisions"}],"predecessor-version":[{"id":243174,"href":"https:\/\/www.paris-hotel-palym.com\/it\/wp-json\/wp\/v2\/pages\/239761\/revisions\/243174"}],"wp:attachment":[{"href":"https:\/\/www.paris-hotel-palym.com\/it\/wp-json\/wp\/v2\/media?parent=239761"}],"curies":[{"name":"wp","href":"https:\/\/api.w.org\/{rel}","templated":true}]}}